{"id":1004,"date":"2018-05-21T20:38:06","date_gmt":"2018-05-21T20:38:06","guid":{"rendered":"https:\/\/nu-tec.com\/turf\/encompass-pro\/"},"modified":"2019-09-19T12:36:06","modified_gmt":"2019-09-19T12:36:06","slug":"encompass-pro","status":"publish","type":"page","link":"https:\/\/nu-tec.com\/fr\/turf\/encompass-pro\/","title":{"rendered":"Encompass Pro"},"content":{"rendered":"<div class=\"productHead ltGreenBox\">\n<p><strong>Encompass<sup><small>MC<\/small><\/sup> PRO 38<\/strong> est un engrais \u00e0 lib\u00e9ration contr\u00f4l\u00e9e qui est sp\u00e9cialement con\u00e7u pour un rendement optimal en climat frais.<\/p>\n<p>Issu d\u2019une technologie sp\u00e9cialis\u00e9e d\u2019enrobage de soufre et de polym\u00e8re et de dizaines d\u2019ann\u00e9es d\u2019exp\u00e9rience en science du gazon, Encompass<sup><small>MC<\/small><\/sup> constitue une source fiable, r\u00e9guli\u00e8re et \u00e9quilibr\u00e9e d\u2019azote pour le gazon.<\/p>\n<p>Qu\u2019on l\u2019applique sur une all\u00e9e de golf ou un terrain de sport, sa technologie unique d\u2019enrobage lib\u00e8re de l\u2019azote \u00e0 mesure que l\u2019activit\u00e9 du sol stimule la croissance de l\u2019herbe, satisfaisant ainsi les besoins du gazon.<\/p>\n<\/div>\n<h2>Comment \u00e7a marche?<\/h2>\n<div class=\"clearDiv\"><\/div>\n<div class=\"prodThirds\"><img loading=\"lazy\" decoding=\"async\" class=\"alignnone wp-image-1154 size-full\" src=\"https:\/\/nu-tec.com\/wp-content\/uploads\/2019\/01\/encompPic1Fr.jpg\" alt=\"\" width=\"575\" height=\"572\" srcset=\"https:\/\/nu-tec.com\/wp-content\/uploads\/2019\/01\/encompPic1Fr.jpg 575w, https:\/\/nu-tec.com\/wp-content\/uploads\/2019\/01\/encompPic1Fr-150x150.jpg 150w, https:\/\/nu-tec.com\/wp-content\/uploads\/2019\/01\/encompPic1Fr-250x249.jpg 250w, https:\/\/nu-tec.com\/wp-content\/uploads\/2019\/01\/encompPic1Fr-120x119.jpg 120w\" sizes=\"auto, (max-width: 575px) 100vw, 575px\" \/>L\u2019humidit\u00e9 du sol commence \u00e0 p\u00e9n\u00e9trer dans les enrobages de soufre et de polym\u00e8re.<\/div>\n<div class=\"prodThirds\"><img loading=\"lazy\" decoding=\"async\" class=\"alignnone wp-image-1159 size-full\" src=\"https:\/\/nu-tec.com\/wp-content\/uploads\/2019\/01\/encompPic2Fr-1.jpg\" alt=\"\" width=\"575\" height=\"572\" srcset=\"https:\/\/nu-tec.com\/wp-content\/uploads\/2019\/01\/encompPic2Fr-1.jpg 575w, https:\/\/nu-tec.com\/wp-content\/uploads\/2019\/01\/encompPic2Fr-1-150x150.jpg 150w, https:\/\/nu-tec.com\/wp-content\/uploads\/2019\/01\/encompPic2Fr-1-250x249.jpg 250w, https:\/\/nu-tec.com\/wp-content\/uploads\/2019\/01\/encompPic2Fr-1-120x119.jpg 120w\" sizes=\"auto, (max-width: 575px) 100vw, 575px\" \/>Les \u00e9l\u00e9ments nutritifs encapsul\u00e9s commencent \u00e0 se dissoudre, ce qui exerce une pression dans le granul\u00e9.<\/div>\n<div class=\"prodThirds\"><img loading=\"lazy\" decoding=\"async\" class=\"alignnone wp-image-1158 size-full\" src=\"https:\/\/nu-tec.com\/wp-content\/uploads\/2019\/01\/encompPic3Fr.jpg\" alt=\"\" width=\"575\" height=\"572\" srcset=\"https:\/\/nu-tec.com\/wp-content\/uploads\/2019\/01\/encompPic3Fr.jpg 575w, https:\/\/nu-tec.com\/wp-content\/uploads\/2019\/01\/encompPic3Fr-150x150.jpg 150w, https:\/\/nu-tec.com\/wp-content\/uploads\/2019\/01\/encompPic3Fr-250x249.jpg 250w, https:\/\/nu-tec.com\/wp-content\/uploads\/2019\/01\/encompPic3Fr-120x119.jpg 120w\" sizes=\"auto, (max-width: 575px) 100vw, 575px\" \/>Les deux couches de soufre et de polym\u00e8re permettent une lib\u00e9ration r\u00e9guli\u00e8re et fiable.<\/div>\n","protected":false},"excerpt":{"rendered":"EncompassMC PRO 38 est un engrais \u00e0 lib\u00e9ration contr\u00f4l\u00e9e qui est sp\u00e9cialement con\u00e7u pour un rendement optimal en climat frais. Issu d\u2019une technologie sp\u00e9cialis\u00e9e d\u2019enrobage de soufre et de polym\u00e8re et de dizaines d\u2019ann\u00e9es d\u2019exp\u00e9rience en science du gazon, EncompassMC constitue une source fiable, r\u00e9guli\u00e8re et \u00e9quilibr\u00e9e d\u2019azote pour le gazon. Qu\u2019on l\u2019applique sur une&#8230; <a class=\"view-article\" href=\"https:\/\/nu-tec.com\/fr\/turf\/encompass-pro\/\">Voir l&rsquo;article<\/a>","protected":false},"author":3,"featured_media":1859,"parent":993,"menu_order":0,"comment_status":"closed","ping_status":"closed","template":"page-products.php","meta":{"_acf_changed":false,"_monsterinsights_skip_tracking":false,"_monsterinsights_sitenote_active":false,"_monsterinsights_sitenote_note":"","_monsterinsights_sitenote_category":0,"footnotes":""},"class_list":["post-1004","page","type-page","status-publish","has-post-thumbnail","hentry"],"acf":[],"_links":{"self":[{"href":"https:\/\/nu-tec.com\/fr\/wp-json\/wp\/v2\/pages\/1004","targetHints":{"allow":["GET"]}}],"collection":[{"href":"https:\/\/nu-tec.com\/fr\/wp-json\/wp\/v2\/pages"}],"about":[{"href":"https:\/\/nu-tec.com\/fr\/wp-json\/wp\/v2\/types\/page"}],"author":[{"embeddable":true,"href":"https:\/\/nu-tec.com\/fr\/wp-json\/wp\/v2\/users\/3"}],"replies":[{"embeddable":true,"href":"https:\/\/nu-tec.com\/fr\/wp-json\/wp\/v2\/comments?post=1004"}],"version-history":[{"count":13,"href":"https:\/\/nu-tec.com\/fr\/wp-json\/wp\/v2\/pages\/1004\/revisions"}],"predecessor-version":[{"id":1872,"href":"https:\/\/nu-tec.com\/fr\/wp-json\/wp\/v2\/pages\/1004\/revisions\/1872"}],"up":[{"embeddable":true,"href":"https:\/\/nu-tec.com\/fr\/wp-json\/wp\/v2\/pages\/993"}],"wp:featuredmedia":[{"embeddable":true,"href":"https:\/\/nu-tec.com\/fr\/wp-json\/wp\/v2\/media\/1859"}],"wp:attachment":[{"href":"https:\/\/nu-tec.com\/fr\/wp-json\/wp\/v2\/media?parent=1004"}],"curies":[{"name":"wp","href":"https:\/\/api.w.org\/{rel}","templated":true}]}}