{"id":1010,"date":"2018-02-26T03:27:35","date_gmt":"2018-02-26T03:27:35","guid":{"rendered":"https:\/\/nu-tec.com\/turf\/encompass-protour\/"},"modified":"2019-08-16T18:18:30","modified_gmt":"2019-08-16T18:18:30","slug":"encompass-protour","status":"publish","type":"page","link":"https:\/\/nu-tec.com\/fr\/turf\/encompass-protour\/","title":{"rendered":"Encompass Pro Tour"},"content":{"rendered":"<div class=\"productHead ltBlBox\">\n<p><strong>Encompass<sup><small>MC<\/small><\/sup> Pro Tour<\/strong> est un engrais \u00e0 lib\u00e9ration contr\u00f4l\u00e9e de qualit\u00e9 sup\u00e9rieure qui est sp\u00e9cialement con\u00e7u pour un rendement optimal en climat frais.<\/p>\n<p>Issu d\u2019une technologie sp\u00e9cialis\u00e9e d\u2019enrobage de polym\u00e8re et de dizaines d\u2019ann\u00e9es d\u2019exp\u00e9rience en science du gazon, Encompass<sup><small>MC<\/small><\/sup> Pro Tour constitue une source s\u00fbre, constante et \u00e9quilibr\u00e9e d\u2019azote pour le gazon.<\/p>\n<p>Qu\u2019on l\u2019applique sur une all\u00e9e de golf ou un terrain de sport, sa technologie unique d\u2019enrobage lib\u00e8re des \u00e9l\u00e9ments nutritifs \u00e0 mesure que la temp\u00e9rature et l\u2019activit\u00e9 du sol stimulent la croissance de l\u2019herbe, satisfaisant ainsi les exigences du gazon.<\/p>\n<\/div>\n<h2>Comment \u00e7a marche?<\/h2>\n<div class=\"clearDiv\"><\/div>\n<div class=\"prodThirds\"><img loading=\"lazy\" decoding=\"async\" class=\"alignnone wp-image-1163 size-full\" src=\"https:\/\/nu-tec.com\/wp-content\/uploads\/2019\/01\/proTour1Fr.jpg\" alt=\"\" width=\"644\" height=\"666\" srcset=\"https:\/\/nu-tec.com\/wp-content\/uploads\/2019\/01\/proTour1Fr.jpg 644w, https:\/\/nu-tec.com\/wp-content\/uploads\/2019\/01\/proTour1Fr-250x259.jpg 250w, https:\/\/nu-tec.com\/wp-content\/uploads\/2019\/01\/proTour1Fr-120x124.jpg 120w\" sizes=\"auto, (max-width: 644px) 100vw, 644px\" \/><br \/>\nL\u2019humidit\u00e9 du sol commence \u00e0 p\u00e9n\u00e9trer dans l\u2019enrobage de polym\u00e8re.<\/div>\n<div class=\"prodThirds\"><img loading=\"lazy\" decoding=\"async\" class=\"alignnone wp-image-1164 size-full\" src=\"https:\/\/nu-tec.com\/wp-content\/uploads\/2019\/01\/proTour2.jpg\" alt=\"\" width=\"644\" height=\"666\" srcset=\"https:\/\/nu-tec.com\/wp-content\/uploads\/2019\/01\/proTour2.jpg 644w, https:\/\/nu-tec.com\/wp-content\/uploads\/2019\/01\/proTour2-250x259.jpg 250w, https:\/\/nu-tec.com\/wp-content\/uploads\/2019\/01\/proTour2-120x124.jpg 120w\" sizes=\"auto, (max-width: 644px) 100vw, 644px\" \/><br \/>\nLes \u00e9l\u00e9ments nutritifs encapsul\u00e9s commencent \u00e0 se dissoudre, mais ils restent dans l\u2019enrobage de polym\u00e8re.<\/div>\n<div class=\"prodThirds\"><img loading=\"lazy\" decoding=\"async\" class=\"alignnone wp-image-1166 size-full\" src=\"https:\/\/nu-tec.com\/wp-content\/uploads\/2019\/01\/proTour3.jpg\" alt=\"\" width=\"644\" height=\"666\" srcset=\"https:\/\/nu-tec.com\/wp-content\/uploads\/2019\/01\/proTour3.jpg 644w, https:\/\/nu-tec.com\/wp-content\/uploads\/2019\/01\/proTour3-250x259.jpg 250w, https:\/\/nu-tec.com\/wp-content\/uploads\/2019\/01\/proTour3-120x124.jpg 120w\" sizes=\"auto, (max-width: 644px) 100vw, 644px\" \/><br \/>\nLentement, la solution nutritive se lib\u00e8re selon la temp\u00e9rature et l\u2019\u00e9paisseur de l\u2019enrobage.<\/div>\n","protected":false},"excerpt":{"rendered":"EncompassMC Pro Tour est un engrais \u00e0 lib\u00e9ration contr\u00f4l\u00e9e de qualit\u00e9 sup\u00e9rieure qui est sp\u00e9cialement con\u00e7u pour un rendement optimal en climat frais. Issu d\u2019une technologie sp\u00e9cialis\u00e9e d\u2019enrobage de polym\u00e8re et de dizaines d\u2019ann\u00e9es d\u2019exp\u00e9rience en science du gazon, EncompassMC Pro Tour constitue une source s\u00fbre, constante et \u00e9quilibr\u00e9e d\u2019azote pour le gazon. Qu\u2019on l\u2019applique&#8230; <a class=\"view-article\" href=\"https:\/\/nu-tec.com\/fr\/turf\/encompass-protour\/\">Voir l&rsquo;article<\/a>","protected":false},"author":3,"featured_media":1669,"parent":993,"menu_order":0,"comment_status":"closed","ping_status":"closed","template":"page-products.php","meta":{"_acf_changed":false,"_monsterinsights_skip_tracking":false,"_monsterinsights_sitenote_active":false,"_monsterinsights_sitenote_note":"","_monsterinsights_sitenote_category":0,"footnotes":""},"class_list":["post-1010","page","type-page","status-publish","has-post-thumbnail","hentry"],"acf":[],"_links":{"self":[{"href":"https:\/\/nu-tec.com\/fr\/wp-json\/wp\/v2\/pages\/1010","targetHints":{"allow":["GET"]}}],"collection":[{"href":"https:\/\/nu-tec.com\/fr\/wp-json\/wp\/v2\/pages"}],"about":[{"href":"https:\/\/nu-tec.com\/fr\/wp-json\/wp\/v2\/types\/page"}],"author":[{"embeddable":true,"href":"https:\/\/nu-tec.com\/fr\/wp-json\/wp\/v2\/users\/3"}],"replies":[{"embeddable":true,"href":"https:\/\/nu-tec.com\/fr\/wp-json\/wp\/v2\/comments?post=1010"}],"version-history":[{"count":14,"href":"https:\/\/nu-tec.com\/fr\/wp-json\/wp\/v2\/pages\/1010\/revisions"}],"predecessor-version":[{"id":1689,"href":"https:\/\/nu-tec.com\/fr\/wp-json\/wp\/v2\/pages\/1010\/revisions\/1689"}],"up":[{"embeddable":true,"href":"https:\/\/nu-tec.com\/fr\/wp-json\/wp\/v2\/pages\/993"}],"wp:featuredmedia":[{"embeddable":true,"href":"https:\/\/nu-tec.com\/fr\/wp-json\/wp\/v2\/media\/1669"}],"wp:attachment":[{"href":"https:\/\/nu-tec.com\/fr\/wp-json\/wp\/v2\/media?parent=1010"}],"curies":[{"name":"wp","href":"https:\/\/api.w.org\/{rel}","templated":true}]}}