{"id":1019,"date":"2018-02-28T02:00:59","date_gmt":"2018-02-28T02:00:59","guid":{"rendered":"https:\/\/nu-tec.com\/turf\/retention\/"},"modified":"2022-06-21T12:03:35","modified_gmt":"2022-06-21T12:03:35","slug":"retention","status":"publish","type":"page","link":"https:\/\/nu-tec.com\/fr\/turf\/retention\/","title":{"rendered":"Azot\u00e9 Stabilis\u00e9"},"content":{"rendered":"<div class=\"ltBlBox\">\n<p><strong>Azot\u00e9 stabilis\u00e9<\/strong> du Nu-Tec\u00a0est sp\u00e9cialement formul\u00e9 pour le march\u00e9 du gazon professionnel. De conception unique, il permet d\u2019apporter de l\u2019azote au gazon et de r\u00e9duire le risque de pertes d\u2019azote en prot\u00e9geant celui-ci plus longtemps et en prolongeant ainsi sa p\u00e9riode d\u2019assimilation.<\/p>\n<p>Bref, avec azot\u00e9 stabilis\u00e9 du Nu-Tec, moins d\u2019azote se perd dans l\u2019environnement, donc le gazon obtient plus d\u2019azote, ce qui maximise le rendement du capital investi en engrais.<\/p>\n<\/div>\n","protected":false},"excerpt":{"rendered":"Azot\u00e9 stabilis\u00e9 du Nu-Tec\u00a0est sp\u00e9cialement formul\u00e9 pour le march\u00e9 du gazon professionnel. De conception unique, il permet d\u2019apporter de l\u2019azote au gazon et de r\u00e9duire le risque de pertes d\u2019azote en prot\u00e9geant celui-ci plus longtemps et en prolongeant ainsi sa p\u00e9riode d\u2019assimilation. Bref, avec azot\u00e9 stabilis\u00e9 du Nu-Tec, moins d\u2019azote se perd dans l\u2019environnement, donc&#8230; <a class=\"view-article\" href=\"https:\/\/nu-tec.com\/fr\/turf\/retention\/\">Voir l&rsquo;article<\/a>","protected":false},"author":3,"featured_media":2587,"parent":993,"menu_order":0,"comment_status":"closed","ping_status":"closed","template":"page-products.php","meta":{"_acf_changed":false,"_monsterinsights_skip_tracking":false,"_monsterinsights_sitenote_active":false,"_monsterinsights_sitenote_note":"","_monsterinsights_sitenote_category":0,"footnotes":""},"class_list":["post-1019","page","type-page","status-publish","has-post-thumbnail","hentry"],"acf":[],"_links":{"self":[{"href":"https:\/\/nu-tec.com\/fr\/wp-json\/wp\/v2\/pages\/1019","targetHints":{"allow":["GET"]}}],"collection":[{"href":"https:\/\/nu-tec.com\/fr\/wp-json\/wp\/v2\/pages"}],"about":[{"href":"https:\/\/nu-tec.com\/fr\/wp-json\/wp\/v2\/types\/page"}],"author":[{"embeddable":true,"href":"https:\/\/nu-tec.com\/fr\/wp-json\/wp\/v2\/users\/3"}],"replies":[{"embeddable":true,"href":"https:\/\/nu-tec.com\/fr\/wp-json\/wp\/v2\/comments?post=1019"}],"version-history":[{"count":17,"href":"https:\/\/nu-tec.com\/fr\/wp-json\/wp\/v2\/pages\/1019\/revisions"}],"predecessor-version":[{"id":2400,"href":"https:\/\/nu-tec.com\/fr\/wp-json\/wp\/v2\/pages\/1019\/revisions\/2400"}],"up":[{"embeddable":true,"href":"https:\/\/nu-tec.com\/fr\/wp-json\/wp\/v2\/pages\/993"}],"wp:featuredmedia":[{"embeddable":true,"href":"https:\/\/nu-tec.com\/fr\/wp-json\/wp\/v2\/media\/2587"}],"wp:attachment":[{"href":"https:\/\/nu-tec.com\/fr\/wp-json\/wp\/v2\/media?parent=1019"}],"curies":[{"name":"wp","href":"https:\/\/api.w.org\/{rel}","templated":true}]}}