{"id":1022,"date":"2018-02-28T02:01:23","date_gmt":"2018-02-28T02:01:23","guid":{"rendered":"https:\/\/nu-tec.com\/turf\/xtension-mu\/"},"modified":"2022-06-21T12:00:03","modified_gmt":"2022-06-21T12:00:03","slug":"xtension-mu","status":"publish","type":"page","link":"https:\/\/nu-tec.com\/fr\/turf\/xtension-mu\/","title":{"rendered":"M\u00e9thyl\u00e8ne-Ur\u00e9e"},"content":{"rendered":"<div class=\"productHead tealBox\">\n<p>Le <strong>m\u00e9thyl\u00e8ne-ur\u00e9e (MU) <\/strong>de Nu-Tec est un engrais \u00e0 lib\u00e9ration lente et de qualit\u00e9 sup\u00e9rieure qui constitue une source d\u2019azote constante, pr\u00e9visible et durable. Le MU de Nu-Tec\u00a0sur le gazon, une petite quantit\u00e9 de l\u2019azote se lib\u00e8re par dissolution dans l\u2019eau, et le reste se lib\u00e8re peu \u00e0 peu sous l\u2019action des microbes du sol.<\/p>\n<p>Le MU de Nu-Tec est une source prolong\u00e9e d\u2019azote qui permet d\u2019augmenter la population microbienne utile du sol, de soutenir le d\u00e9veloppement des racines et de maintenir la croissance saine du gazon. Le MU de Nu-Tec\u00a0nourrit le gazon \u00ab\u00a0\u00e0 la cuill\u00e8re\u00a0\u00bb\u00a0: il lui donne la bonne quantit\u00e9 d\u2019azote au bon moment, afin qu\u2019il soit dru, sain et beau.<\/p>\n<p>D\u00e9marrez la saison de croissance du bon pied, et continuez \u00e0 bien nourrir le gazon \u00e0 mesure qu\u2019il pousse. Tant sur un terrain de golf que sur un terrain de sport tr\u00e8s fr\u00e9quent\u00e9, le MU de Nu-Tec\u00a0est un excellent produit du d\u00e9but \u00e0 la fin.<\/p>\n<\/div>\n<h2>Comment \u00e7a marche?<\/h2>\n<div class=\"clearDiv\"><\/div>\n<div class=\"prodThirds\"><img loading=\"lazy\" decoding=\"async\" class=\"alignnone wp-image-1182 size-full\" src=\"https:\/\/nu-tec.com\/wp-content\/uploads\/2019\/01\/mu1.png\" alt=\"\" width=\"512\" height=\"512\" srcset=\"https:\/\/nu-tec.com\/wp-content\/uploads\/2019\/01\/mu1.png 512w, https:\/\/nu-tec.com\/wp-content\/uploads\/2019\/01\/mu1-150x150.png 150w, https:\/\/nu-tec.com\/wp-content\/uploads\/2019\/01\/mu1-250x250.png 250w, https:\/\/nu-tec.com\/wp-content\/uploads\/2019\/01\/mu1-120x120.png 120w\" sizes=\"auto, (max-width: 512px) 100vw, 512px\" \/><br \/>\nLe MU de Nu-Tec\u00a0se lib\u00e8re sous l\u2019action des microbes du sol, 50\u00a0% de l\u2019azote total \u00e9tant de l\u2019azote insoluble dans l\u2019eau (AIE).<\/div>\n<div class=\"prodThirds\"><img loading=\"lazy\" decoding=\"async\" width=\"512\" height=\"512\" class=\"alignnone size-full wp-image-190\" src=\"https:\/\/nu-tec.com\/wp-content\/uploads\/2018\/04\/mu_2.png\" alt=\"\" srcset=\"https:\/\/nu-tec.com\/wp-content\/uploads\/2018\/04\/mu_2.png 512w, https:\/\/nu-tec.com\/wp-content\/uploads\/2018\/04\/mu_2-150x150.png 150w, https:\/\/nu-tec.com\/wp-content\/uploads\/2018\/04\/mu_2-250x250.png 250w, https:\/\/nu-tec.com\/wp-content\/uploads\/2018\/04\/mu_2-120x120.png 120w\" sizes=\"auto, (max-width: 512px) 100vw, 512px\" \/><br \/>\nLes microbes du sol convertissent lentement le m\u00e9thyl\u00e8ne-ur\u00e9e (MU) du MU de Nu-Tec\u00a0en ur\u00e9e, qui se convertit en ammonium et puis en nitrates dans le sol.<\/div>\n<div class=\"prodThirds\"><img loading=\"lazy\" decoding=\"async\" class=\"alignnone wp-image-1183 size-full\" src=\"https:\/\/nu-tec.com\/wp-content\/uploads\/2019\/01\/mu3.png\" alt=\"\" width=\"512\" height=\"512\" srcset=\"https:\/\/nu-tec.com\/wp-content\/uploads\/2019\/01\/mu3.png 512w, https:\/\/nu-tec.com\/wp-content\/uploads\/2019\/01\/mu3-150x150.png 150w, https:\/\/nu-tec.com\/wp-content\/uploads\/2019\/01\/mu3-250x250.png 250w, https:\/\/nu-tec.com\/wp-content\/uploads\/2019\/01\/mu3-120x120.png 120w\" sizes=\"auto, (max-width: 512px) 100vw, 512px\" \/><br \/>\nLa vitesse de lib\u00e9ration de l\u2019azote d\u00e9pend de la longueur des cha\u00eenes de MU, ce qui prolonge l\u2019apport d\u2019azote.<\/div>\n","protected":false},"excerpt":{"rendered":"Le m\u00e9thyl\u00e8ne-ur\u00e9e (MU) de Nu-Tec est un engrais \u00e0 lib\u00e9ration lente et de qualit\u00e9 sup\u00e9rieure qui constitue une source d\u2019azote constante, pr\u00e9visible et durable. Le MU de Nu-Tec\u00a0sur le gazon, une petite quantit\u00e9 de l\u2019azote se lib\u00e8re par dissolution dans l\u2019eau, et le reste se lib\u00e8re peu \u00e0 peu sous l\u2019action des microbes du sol&#8230;. <a class=\"view-article\" href=\"https:\/\/nu-tec.com\/fr\/turf\/xtension-mu\/\">Voir l&rsquo;article<\/a>","protected":false},"author":3,"featured_media":2580,"parent":993,"menu_order":0,"comment_status":"closed","ping_status":"closed","template":"page-products.php","meta":{"_acf_changed":false,"_monsterinsights_skip_tracking":false,"_monsterinsights_sitenote_active":false,"_monsterinsights_sitenote_note":"","_monsterinsights_sitenote_category":0,"footnotes":""},"class_list":["post-1022","page","type-page","status-publish","has-post-thumbnail","hentry"],"acf":[],"_links":{"self":[{"href":"https:\/\/nu-tec.com\/fr\/wp-json\/wp\/v2\/pages\/1022","targetHints":{"allow":["GET"]}}],"collection":[{"href":"https:\/\/nu-tec.com\/fr\/wp-json\/wp\/v2\/pages"}],"about":[{"href":"https:\/\/nu-tec.com\/fr\/wp-json\/wp\/v2\/types\/page"}],"author":[{"embeddable":true,"href":"https:\/\/nu-tec.com\/fr\/wp-json\/wp\/v2\/users\/3"}],"replies":[{"embeddable":true,"href":"https:\/\/nu-tec.com\/fr\/wp-json\/wp\/v2\/comments?post=1022"}],"version-history":[{"count":16,"href":"https:\/\/nu-tec.com\/fr\/wp-json\/wp\/v2\/pages\/1022\/revisions"}],"predecessor-version":[{"id":2401,"href":"https:\/\/nu-tec.com\/fr\/wp-json\/wp\/v2\/pages\/1022\/revisions\/2401"}],"up":[{"embeddable":true,"href":"https:\/\/nu-tec.com\/fr\/wp-json\/wp\/v2\/pages\/993"}],"wp:featuredmedia":[{"embeddable":true,"href":"https:\/\/nu-tec.com\/fr\/wp-json\/wp\/v2\/media\/2580"}],"wp:attachment":[{"href":"https:\/\/nu-tec.com\/fr\/wp-json\/wp\/v2\/media?parent=1022"}],"curies":[{"name":"wp","href":"https:\/\/api.w.org\/{rel}","templated":true}]}}