{"id":1026,"date":"2018-02-28T02:12:50","date_gmt":"2018-02-28T02:12:50","guid":{"rendered":"https:\/\/nu-tec.com\/turf\/xtension-uf\/"},"modified":"2022-06-21T12:04:44","modified_gmt":"2022-06-21T12:04:44","slug":"xtension-uf","status":"publish","type":"page","link":"https:\/\/nu-tec.com\/fr\/turf\/xtension-uf\/","title":{"rendered":"Ur\u00e9e-Formol"},"content":{"rendered":"<div class=\"productHead ltBlBox\">\n<p>L\u2019ur\u00e9e-formol (UF) de Nu-Tec est un engrais \u00e0 lib\u00e9ration lente et de qualit\u00e9 sup\u00e9rieure qui constitue une source d\u2019azote constante, \u00e9quilibr\u00e9e et fiable. Quand on l\u2019applique sur le gazon, une petite quantit\u00e9 de l\u2019azote se lib\u00e8re par dissolution dans l\u2019eau, et le reste se lib\u00e8re peu \u00e0 peu sous l\u2019action des microbes du sol. L\u2019UF de Nu-Tec\u00a0est une source durable d\u2019azote qui permet d\u2019augmenter la population microbienne utile du sol, de soutenir le d\u00e9veloppement des racines et de maintenir la croissance saine du gazon.<\/p>\n<p>D\u00e9marrez la saison de croissance du bon pied, et continuez \u00e0 bien nourrir le gazon \u00e0 mesure qu\u2019il pousse. Tant sur un terrain de golf que sur un terrain de sport tr\u00e8s fr\u00e9quent\u00e9, l\u2019UF de Nu-Tec est un excellent produit du d\u00e9but \u00e0 la fin.<\/p>\n<\/div>\n<h2>Comment \u00e7a marche?<\/h2>\n<div class=\"clearDiv\"><\/div>\n<div class=\"prodThirds\"><img loading=\"lazy\" decoding=\"async\" class=\"alignnone wp-image-1189 size-full\" src=\"https:\/\/nu-tec.com\/wp-content\/uploads\/2019\/01\/uf1.jpg\" alt=\"\" width=\"806\" height=\"579\" srcset=\"https:\/\/nu-tec.com\/wp-content\/uploads\/2019\/01\/uf1.jpg 806w, https:\/\/nu-tec.com\/wp-content\/uploads\/2019\/01\/uf1-250x180.jpg 250w, https:\/\/nu-tec.com\/wp-content\/uploads\/2019\/01\/uf1-768x552.jpg 768w, https:\/\/nu-tec.com\/wp-content\/uploads\/2019\/01\/uf1-700x503.jpg 700w, https:\/\/nu-tec.com\/wp-content\/uploads\/2019\/01\/uf1-120x86.jpg 120w\" sizes=\"auto, (max-width: 806px) 100vw, 806px\" \/><br \/>\nL\u2019UF de Nu-Tec se lib\u00e8re par d\u00e9composition naturelle sous l\u2019action des microbes du sol, plus de 60\u00a0% de l\u2019azote total \u00e9tant de l\u2019azote insoluble dans l\u2019eau (AIE).<\/div>\n<div class=\"prodThirds\"><img loading=\"lazy\" decoding=\"async\" class=\"alignnone wp-image-1193 size-full\" src=\"https:\/\/nu-tec.com\/wp-content\/uploads\/2019\/01\/uf2.jpg\" alt=\"\" width=\"806\" height=\"579\" srcset=\"https:\/\/nu-tec.com\/wp-content\/uploads\/2019\/01\/uf2.jpg 806w, https:\/\/nu-tec.com\/wp-content\/uploads\/2019\/01\/uf2-250x180.jpg 250w, https:\/\/nu-tec.com\/wp-content\/uploads\/2019\/01\/uf2-768x552.jpg 768w, https:\/\/nu-tec.com\/wp-content\/uploads\/2019\/01\/uf2-700x503.jpg 700w, https:\/\/nu-tec.com\/wp-content\/uploads\/2019\/01\/uf2-120x86.jpg 120w\" sizes=\"auto, (max-width: 806px) 100vw, 806px\" \/><br \/>\nLes microbes du sol convertissent lentement l\u2019ur\u00e9e-formol (UF) de l\u2019UF de Nu-Tec en ur\u00e9e, qui se convertit en ammonium et puis en nitrates dans le sol.<\/div>\n<div class=\"prodThirds\"><img loading=\"lazy\" decoding=\"async\" class=\"alignnone wp-image-1190 size-full\" src=\"https:\/\/nu-tec.com\/wp-content\/uploads\/2019\/01\/uf3.jpg\" alt=\"\" width=\"806\" height=\"579\" srcset=\"https:\/\/nu-tec.com\/wp-content\/uploads\/2019\/01\/uf3.jpg 806w, https:\/\/nu-tec.com\/wp-content\/uploads\/2019\/01\/uf3-250x180.jpg 250w, https:\/\/nu-tec.com\/wp-content\/uploads\/2019\/01\/uf3-768x552.jpg 768w, https:\/\/nu-tec.com\/wp-content\/uploads\/2019\/01\/uf3-700x503.jpg 700w, https:\/\/nu-tec.com\/wp-content\/uploads\/2019\/01\/uf3-120x86.jpg 120w\" sizes=\"auto, (max-width: 806px) 100vw, 806px\" \/><br \/>\nLa vitesse de lib\u00e9ration de l\u2019azote d\u00e9pend de la longueur des cha\u00eenes d\u2019UF, les plus longues permettant une lib\u00e9ration prolong\u00e9e.<\/div>\n","protected":false},"excerpt":{"rendered":"L\u2019ur\u00e9e-formol (UF) de Nu-Tec est un engrais \u00e0 lib\u00e9ration lente et de qualit\u00e9 sup\u00e9rieure qui constitue une source d\u2019azote constante, \u00e9quilibr\u00e9e et fiable. Quand on l\u2019applique sur le gazon, une petite quantit\u00e9 de l\u2019azote se lib\u00e8re par dissolution dans l\u2019eau, et le reste se lib\u00e8re peu \u00e0 peu sous l\u2019action des microbes du sol. L\u2019UF&#8230; <a class=\"view-article\" href=\"https:\/\/nu-tec.com\/fr\/turf\/xtension-uf\/\">Voir l&rsquo;article<\/a>","protected":false},"author":3,"featured_media":2590,"parent":993,"menu_order":0,"comment_status":"closed","ping_status":"closed","template":"page-products.php","meta":{"_acf_changed":false,"_monsterinsights_skip_tracking":false,"_monsterinsights_sitenote_active":false,"_monsterinsights_sitenote_note":"","_monsterinsights_sitenote_category":0,"footnotes":""},"class_list":["post-1026","page","type-page","status-publish","has-post-thumbnail","hentry"],"acf":[],"_links":{"self":[{"href":"https:\/\/nu-tec.com\/fr\/wp-json\/wp\/v2\/pages\/1026","targetHints":{"allow":["GET"]}}],"collection":[{"href":"https:\/\/nu-tec.com\/fr\/wp-json\/wp\/v2\/pages"}],"about":[{"href":"https:\/\/nu-tec.com\/fr\/wp-json\/wp\/v2\/types\/page"}],"author":[{"embeddable":true,"href":"https:\/\/nu-tec.com\/fr\/wp-json\/wp\/v2\/users\/3"}],"replies":[{"embeddable":true,"href":"https:\/\/nu-tec.com\/fr\/wp-json\/wp\/v2\/comments?post=1026"}],"version-history":[{"count":17,"href":"https:\/\/nu-tec.com\/fr\/wp-json\/wp\/v2\/pages\/1026\/revisions"}],"predecessor-version":[{"id":2402,"href":"https:\/\/nu-tec.com\/fr\/wp-json\/wp\/v2\/pages\/1026\/revisions\/2402"}],"up":[{"embeddable":true,"href":"https:\/\/nu-tec.com\/fr\/wp-json\/wp\/v2\/pages\/993"}],"wp:featuredmedia":[{"embeddable":true,"href":"https:\/\/nu-tec.com\/fr\/wp-json\/wp\/v2\/media\/2590"}],"wp:attachment":[{"href":"https:\/\/nu-tec.com\/fr\/wp-json\/wp\/v2\/media?parent=1026"}],"curies":[{"name":"wp","href":"https:\/\/api.w.org\/{rel}","templated":true}]}}