{"id":1037,"date":"2018-02-28T02:13:29","date_gmt":"2018-02-28T02:13:29","guid":{"rendered":"https:\/\/nu-tec.com\/turf\/xcu\/"},"modified":"2022-06-16T12:05:46","modified_gmt":"2022-06-16T12:05:46","slug":"xcu","status":"publish","type":"page","link":"https:\/\/nu-tec.com\/fr\/turf\/xcu\/","title":{"rendered":"XCU"},"content":{"rendered":"<div class=\"productHead tealBox\">L\u2019engrais \u00e0 lib\u00e9ration lente <strong>XCU\u00ae<\/strong> assure une assimilation progressive et constante des \u00e9l\u00e9ments nutritifs pendant pr\u00e8s de 10 semaines. De tous les engrais \u00e0 base d\u2019ur\u00e9e enrob\u00e9e de polym\u00e8re et de soufre (UEPS) sur le march\u00e9, XCU\u00ae est celui dont la teneur en azote (N) est la plus forte (43\u00a0%) et dont la teneur en soufre est la plus faible (4\u00a0%). On peut donc couvrir une plus grande surface par application en utilisant moins d\u2019engrais, ce qui est plus efficace et plus \u00e9conomique. De plus, le verrouillage du N \u00e9tant moindre, une plus grande quantit\u00e9 du N appliqu\u00e9 est pr\u00e9lev\u00e9e et utilis\u00e9e par le gazon ou les plantes dans le d\u00e9lai pr\u00e9vu.<\/div>\n<p><img decoding=\"async\" class=\"alignnone size-full wp-image-271\" src=\"https:\/\/nu-tec.com\/wp-content\/uploads\/2019\/04\/xcuTopFr.png\" alt=\"\" \/><\/p>\n<h2>Comment \u00e7a marche?<\/h2>\n<div class=\"clearDiv\"><\/div>\n<div class=\"prodQuarters\"><img decoding=\"async\" class=\"alignnone size-full wp-image-426\" src=\"https:\/\/nu-tec.com\/wp-content\/uploads\/2019\/04\/xcu1Fr.png\" alt=\"\" \/><br \/>\nL\u2019humidit\u00e9 du sol p\u00e9n\u00e8tre dans les enrobages de soufre et de polym\u00e8re.<\/div>\n<div class=\"prodQuarters\"><img loading=\"lazy\" decoding=\"async\" width=\"350\" height=\"366\" class=\"alignnone size-full wp-image-427\" src=\"https:\/\/nu-tec.com\/wp-content\/uploads\/2018\/05\/xcu2.png\" alt=\"\" srcset=\"https:\/\/nu-tec.com\/wp-content\/uploads\/2018\/05\/xcu2.png 350w, https:\/\/nu-tec.com\/wp-content\/uploads\/2018\/05\/xcu2-250x261.png 250w, https:\/\/nu-tec.com\/wp-content\/uploads\/2018\/05\/xcu2-120x125.png 120w\" sizes=\"auto, (max-width: 350px) 100vw, 350px\" \/><br \/>\nL\u2019azote commence \u00e0 se dissoudre, ce qui exerce une pression dans le granul\u00e9.<\/div>\n<div class=\"prodQuarters\"><img loading=\"lazy\" decoding=\"async\" width=\"350\" height=\"366\" class=\"alignnone size-full wp-image-428\" src=\"https:\/\/nu-tec.com\/wp-content\/uploads\/2018\/05\/xcu3.png\" alt=\"\" srcset=\"https:\/\/nu-tec.com\/wp-content\/uploads\/2018\/05\/xcu3.png 350w, https:\/\/nu-tec.com\/wp-content\/uploads\/2018\/05\/xcu3-250x261.png 250w, https:\/\/nu-tec.com\/wp-content\/uploads\/2018\/05\/xcu3-120x125.png 120w\" sizes=\"auto, (max-width: 350px) 100vw, 350px\" \/><br \/>\nAuparavant, avec les ur\u00e9es enrob\u00e9es de soufre (UES), cette pression cassait l\u2019enrobage, lib\u00e9rant imm\u00e9diatement le N (lib\u00e9ration catastrophique). L\u2019enrobage interne de polym\u00e8re de l\u2019engrais XCU\u00ae permet au N de se lib\u00e9rer tant par diffusion que de fa\u00e7on catastrophique, ce qui se traduit par une lib\u00e9ration plus r\u00e9guli\u00e8re.<\/div>\n<div class=\"prodQuarters\"><img loading=\"lazy\" decoding=\"async\" width=\"350\" height=\"366\" class=\"alignnone size-full wp-image-429\" src=\"https:\/\/nu-tec.com\/wp-content\/uploads\/2018\/05\/xcu4.png\" alt=\"\" srcset=\"https:\/\/nu-tec.com\/wp-content\/uploads\/2018\/05\/xcu4.png 350w, https:\/\/nu-tec.com\/wp-content\/uploads\/2018\/05\/xcu4-250x261.png 250w, https:\/\/nu-tec.com\/wp-content\/uploads\/2018\/05\/xcu4-120x125.png 120w\" sizes=\"auto, (max-width: 350px) 100vw, 350px\" \/><br \/>\nApr\u00e8s lib\u00e9ration du N, le soufre finit par se d\u00e9composer dans le sol, o\u00f9 il peut \u00eatre pr\u00e9lev\u00e9 par la plante.<\/div>\n","protected":false},"excerpt":{"rendered":"L\u2019engrais \u00e0 lib\u00e9ration lente XCU\u00ae assure une assimilation progressive et constante des \u00e9l\u00e9ments nutritifs pendant pr\u00e8s de 10 semaines. De tous les engrais \u00e0 base d\u2019ur\u00e9e enrob\u00e9e de polym\u00e8re et de soufre (UEPS) sur le march\u00e9, XCU\u00ae est celui dont la teneur en azote (N) est la plus forte (43\u00a0%) et dont la teneur en&#8230; <a class=\"view-article\" href=\"https:\/\/nu-tec.com\/fr\/turf\/xcu\/\">Voir l&rsquo;article<\/a>","protected":false},"author":3,"featured_media":1328,"parent":993,"menu_order":0,"comment_status":"closed","ping_status":"closed","template":"page-products.php","meta":{"_acf_changed":false,"_monsterinsights_skip_tracking":false,"_monsterinsights_sitenote_active":false,"_monsterinsights_sitenote_note":"","_monsterinsights_sitenote_category":0,"footnotes":""},"class_list":["post-1037","page","type-page","status-publish","has-post-thumbnail","hentry"],"acf":[],"_links":{"self":[{"href":"https:\/\/nu-tec.com\/fr\/wp-json\/wp\/v2\/pages\/1037","targetHints":{"allow":["GET"]}}],"collection":[{"href":"https:\/\/nu-tec.com\/fr\/wp-json\/wp\/v2\/pages"}],"about":[{"href":"https:\/\/nu-tec.com\/fr\/wp-json\/wp\/v2\/types\/page"}],"author":[{"embeddable":true,"href":"https:\/\/nu-tec.com\/fr\/wp-json\/wp\/v2\/users\/3"}],"replies":[{"embeddable":true,"href":"https:\/\/nu-tec.com\/fr\/wp-json\/wp\/v2\/comments?post=1037"}],"version-history":[{"count":16,"href":"https:\/\/nu-tec.com\/fr\/wp-json\/wp\/v2\/pages\/1037\/revisions"}],"predecessor-version":[{"id":2439,"href":"https:\/\/nu-tec.com\/fr\/wp-json\/wp\/v2\/pages\/1037\/revisions\/2439"}],"up":[{"embeddable":true,"href":"https:\/\/nu-tec.com\/fr\/wp-json\/wp\/v2\/pages\/993"}],"wp:featuredmedia":[{"embeddable":true,"href":"https:\/\/nu-tec.com\/fr\/wp-json\/wp\/v2\/media\/1328"}],"wp:attachment":[{"href":"https:\/\/nu-tec.com\/fr\/wp-json\/wp\/v2\/media?parent=1037"}],"curies":[{"name":"wp","href":"https:\/\/api.w.org\/{rel}","templated":true}]}}