{"id":1043,"date":"2018-02-28T02:06:21","date_gmt":"2018-02-28T02:06:21","guid":{"rendered":"https:\/\/nu-tec.com\/custom-blending\/"},"modified":"2018-11-12T17:28:26","modified_gmt":"2018-11-12T17:28:26","slug":"custom-blending","status":"publish","type":"page","link":"https:\/\/nu-tec.com\/fr\/services\/custom-blending\/","title":{"rendered":"M\u00e9lange sur commande"},"content":{"rendered":"<h2>M\u00e9lange sur commande<\/h2>\n<p>Notre usine de m\u00e9lange et d\u2019emballage \u00e0 Putnam, en Ontario, nous permet de m\u00e9langer et de produire des engrais granul\u00e9s sans ajout ou d\u2019appliquer des additifs liquides sur des engrais granul\u00e9s.<\/p>\n<p>Elle nous permet aussi d\u2019emballer une grande vari\u00e9t\u00e9 de produits dans des contenants de tous les formats, de 3\u00a0kg \u00e0 1\u00a0000\u00a0kg.<\/p>\n<p>Par ailleurs, notre agronome interne peut vous faire des recommandations pour vous aider \u00e0 corriger les carences nutritives qui pourraient avoir un effet sur le rendement de vos plantes.<\/p>\n","protected":false},"excerpt":{"rendered":"M\u00e9lange sur commande Notre usine de m\u00e9lange et d\u2019emballage \u00e0 Putnam, en Ontario, nous permet de m\u00e9langer et de produire des engrais granul\u00e9s sans ajout ou d\u2019appliquer des additifs liquides sur des engrais granul\u00e9s. Elle nous permet aussi d\u2019emballer une grande vari\u00e9t\u00e9 de produits dans des contenants de tous les formats, de 3\u00a0kg \u00e0 1\u00a0000\u00a0kg&#8230;. <a class=\"view-article\" href=\"https:\/\/nu-tec.com\/fr\/services\/custom-blending\/\">Voir l&rsquo;article<\/a>","protected":false},"author":3,"featured_media":523,"parent":1054,"menu_order":0,"comment_status":"closed","ping_status":"closed","template":"page-main.php","meta":{"_acf_changed":false,"_monsterinsights_skip_tracking":false,"_monsterinsights_sitenote_active":false,"_monsterinsights_sitenote_note":"","_monsterinsights_sitenote_category":0,"footnotes":""},"class_list":["post-1043","page","type-page","status-publish","has-post-thumbnail","hentry"],"acf":[],"_links":{"self":[{"href":"https:\/\/nu-tec.com\/fr\/wp-json\/wp\/v2\/pages\/1043","targetHints":{"allow":["GET"]}}],"collection":[{"href":"https:\/\/nu-tec.com\/fr\/wp-json\/wp\/v2\/pages"}],"about":[{"href":"https:\/\/nu-tec.com\/fr\/wp-json\/wp\/v2\/types\/page"}],"author":[{"embeddable":true,"href":"https:\/\/nu-tec.com\/fr\/wp-json\/wp\/v2\/users\/3"}],"replies":[{"embeddable":true,"href":"https:\/\/nu-tec.com\/fr\/wp-json\/wp\/v2\/comments?post=1043"}],"version-history":[{"count":4,"href":"https:\/\/nu-tec.com\/fr\/wp-json\/wp\/v2\/pages\/1043\/revisions"}],"predecessor-version":[{"id":1047,"href":"https:\/\/nu-tec.com\/fr\/wp-json\/wp\/v2\/pages\/1043\/revisions\/1047"}],"up":[{"embeddable":true,"href":"https:\/\/nu-tec.com\/fr\/wp-json\/wp\/v2\/pages\/1054"}],"wp:featuredmedia":[{"embeddable":true,"href":"https:\/\/nu-tec.com\/fr\/wp-json\/wp\/v2\/media\/523"}],"wp:attachment":[{"href":"https:\/\/nu-tec.com\/fr\/wp-json\/wp\/v2\/media?parent=1043"}],"curies":[{"name":"wp","href":"https:\/\/api.w.org\/{rel}","templated":true}]}}