{"id":1048,"date":"2018-02-28T02:33:48","date_gmt":"2018-02-28T02:33:48","guid":{"rendered":"https:\/\/nu-tec.com\/warehousing\/"},"modified":"2019-02-09T13:31:30","modified_gmt":"2019-02-09T13:31:30","slug":"warehousing","status":"publish","type":"page","link":"https:\/\/nu-tec.com\/fr\/services\/warehousing\/","title":{"rendered":"Entreposage"},"content":{"rendered":"<h2>Entreposage<\/h2>\n<p>En plus de fabriquer des produits \u00e0 partir de marques technologiques de qualit\u00e9 sup\u00e9rieure, Nu-Tec Specialty Products peut entreposer vos produits dans son entrep\u00f4t de 18\u00a0581\u00a0m\u00b2 (200\u00a0000\u00a0pi\u00b2).<\/p>\n","protected":false},"excerpt":{"rendered":"Entreposage En plus de fabriquer des produits \u00e0 partir de marques technologiques de qualit\u00e9 sup\u00e9rieure, Nu-Tec Specialty Products peut entreposer vos produits dans son entrep\u00f4t de 18\u00a0581\u00a0m\u00b2 (200\u00a0000\u00a0pi\u00b2).","protected":false},"author":3,"featured_media":846,"parent":1054,"menu_order":0,"comment_status":"closed","ping_status":"closed","template":"page-main.php","meta":{"_acf_changed":false,"_monsterinsights_skip_tracking":false,"_monsterinsights_sitenote_active":false,"_monsterinsights_sitenote_note":"","_monsterinsights_sitenote_category":0,"footnotes":""},"class_list":["post-1048","page","type-page","status-publish","has-post-thumbnail","hentry"],"acf":[],"_links":{"self":[{"href":"https:\/\/nu-tec.com\/fr\/wp-json\/wp\/v2\/pages\/1048","targetHints":{"allow":["GET"]}}],"collection":[{"href":"https:\/\/nu-tec.com\/fr\/wp-json\/wp\/v2\/pages"}],"about":[{"href":"https:\/\/nu-tec.com\/fr\/wp-json\/wp\/v2\/types\/page"}],"author":[{"embeddable":true,"href":"https:\/\/nu-tec.com\/fr\/wp-json\/wp\/v2\/users\/3"}],"replies":[{"embeddable":true,"href":"https:\/\/nu-tec.com\/fr\/wp-json\/wp\/v2\/comments?post=1048"}],"version-history":[{"count":2,"href":"https:\/\/nu-tec.com\/fr\/wp-json\/wp\/v2\/pages\/1048\/revisions"}],"predecessor-version":[{"id":1224,"href":"https:\/\/nu-tec.com\/fr\/wp-json\/wp\/v2\/pages\/1048\/revisions\/1224"}],"up":[{"embeddable":true,"href":"https:\/\/nu-tec.com\/fr\/wp-json\/wp\/v2\/pages\/1054"}],"wp:featuredmedia":[{"embeddable":true,"href":"https:\/\/nu-tec.com\/fr\/wp-json\/wp\/v2\/media\/846"}],"wp:attachment":[{"href":"https:\/\/nu-tec.com\/fr\/wp-json\/wp\/v2\/media?parent=1048"}],"curies":[{"name":"wp","href":"https:\/\/api.w.org\/{rel}","templated":true}]}}