{"id":1050,"date":"2018-02-24T17:07:45","date_gmt":"2018-02-24T17:07:45","guid":{"rendered":"https:\/\/nu-tec.com\/contact-us\/"},"modified":"2025-09-26T16:58:55","modified_gmt":"2025-09-26T16:58:55","slug":"contact-us","status":"publish","type":"page","link":"https:\/\/nu-tec.com\/fr\/contact-us\/","title":{"rendered":"NOUS JOINDRE"},"content":{"rendered":"<h2>Communiquez avec nous pour demander un devis ou pour discuter de la mani\u00e8re dont Nu-Tec Specialty Products peut r\u00e9pondre \u00e0 vos besoins en mati\u00e8re de fabrication contractuelle.<\/h2>\n<div>\n<div class=\"mainThirds\"><strong>Steve Hewgill<\/strong><br \/>\nDirecteur, Ventes et Marketing<br \/>\nMobile: 705-718-8873<br \/>\n<span style=\"color: #008000;\"><a style=\"color: #008000;\" href=\"mailto:shewgill@nu-tec.com\">shewgill@nu-tec.com<\/a><\/span><\/div>\n<div class=\"mainThirds\"><strong>Achille Correggia, CPAg\/CCA<\/strong><br \/>\nSp\u00e9cialiste du support produit<br \/>\nMobile : 519-495-3950<br \/>\n<span style=\"color: #008000;\"><a style=\"color: #008000;\" href=\"mailto:acorreggia@nu-tec.com\">acorreggia@nu-tec.com<\/a><\/span><\/div>\n<div><\/div>\n<div class=\"mainThirds\"><span style=\"color: #000000;\"><strong>Nu-Tec Specialty Products<\/strong><\/span><br \/>\n2720, ch. Couch<br \/>\nPutnam (Ontario)<br \/>\nN0L 2B0 Canada<\/div>\n<p>Service \u00e0 la client\u00e8le de Nu-Tec <a href=\"mailto:customerservice@s-ppackaging.com\">customerservice@nu-tec.com<\/a><\/p>\n<h2>Inscrivez-vous \u00e0 notre liste de diffusion<\/h2>\n<script>(function() {\n\twindow.mc4wp = window.mc4wp || {\n\t\tlisteners: [],\n\t\tforms: {\n\t\t\ton: function(evt, cb) {\n\t\t\t\twindow.mc4wp.listeners.push(\n\t\t\t\t\t{\n\t\t\t\t\t\tevent   : evt,\n\t\t\t\t\t\tcallback: cb\n\t\t\t\t\t}\n\t\t\t\t);\n\t\t\t}\n\t\t}\n\t}\n})();\n<\/script><!-- Mailchimp for WordPress v4.12.1 - https:\/\/wordpress.org\/plugins\/mailchimp-for-wp\/ --><form id=\"mc4wp-form-1\" class=\"mc4wp-form mc4wp-form-856 mc4wp-ajax\" method=\"post\" data-id=\"856\" data-name=\"Contact Subscribe\" ><div class=\"mc4wp-form-fields\"><p>\r\n\t<label>Email address: <\/label>\r\n\t<input type=\"email\" name=\"EMAIL\" placeholder=\"Your email address\" required \/>\r\n\t<input type=\"submit\" value=\"Sign up\" \/>\r\n<\/p><\/div><label style=\"display: none !important;\">Laissez ce champ vide si vous \u00eates humain\u00a0: <input type=\"text\" name=\"_mc4wp_honeypot\" value=\"\" tabindex=\"-1\" autocomplete=\"off\" \/><\/label><input type=\"hidden\" name=\"_mc4wp_timestamp\" value=\"1775753317\" \/><input type=\"hidden\" name=\"_mc4wp_form_id\" value=\"856\" \/><input type=\"hidden\" name=\"_mc4wp_form_element_id\" value=\"mc4wp-form-1\" \/><div class=\"mc4wp-response\"><\/div><\/form><!-- \/ Mailchimp for WordPress Plugin -->\n<div class=\"clearDiv\"><\/div>\n<p><iframe loading=\"lazy\" style=\"border: 0px currentColor;\" src=\"https:\/\/www.google.com\/maps\/embed?pb=!1m18!1m12!1m3!1d2918.4200381643573!2d-80.95030458452365!3d42.990489179149556!2m3!1f0!2f0!3f0!3m2!1i1024!2i768!4f13.1!3m3!1m2!1s0x882e9ade01fd2bd1%3A0xf9e8848539d00ecb!2s2720+Couch+Rd%2C+Putnam%2C+ON+N0L+2B0!5e0!3m2!1sen!2sca!4v1527808574933\" width=\"95%\" height=\"480\" frameborder=\"0\" allowfullscreen=\"allowfullscreen\"><\/iframe><\/p>\n","protected":false},"excerpt":{"rendered":"Communiquez avec nous pour demander un devis ou pour discuter de la mani\u00e8re dont Nu-Tec Specialty Products peut r\u00e9pondre \u00e0 vos besoins en mati\u00e8re de fabrication contractuelle. Steve Hewgill Directeur, Ventes et Marketing Mobile: 705-718-8873 shewgill@nu-tec.com Achille Correggia, CPAg\/CCA Sp\u00e9cialiste du support produit Mobile : 519-495-3950 acorreggia@nu-tec.com Nu-Tec Specialty Products 2720, ch. Couch Putnam (Ontario)&#8230; <a class=\"view-article\" href=\"https:\/\/nu-tec.com\/fr\/contact-us\/\">Voir l&rsquo;article<\/a>","protected":false},"author":3,"featured_media":224,"parent":0,"menu_order":0,"comment_status":"closed","ping_status":"closed","template":"page-main.php","meta":{"_acf_changed":false,"_monsterinsights_skip_tracking":false,"_monsterinsights_sitenote_active":false,"_monsterinsights_sitenote_note":"","_monsterinsights_sitenote_category":0,"footnotes":""},"class_list":["post-1050","page","type-page","status-publish","has-post-thumbnail","hentry"],"acf":[],"_links":{"self":[{"href":"https:\/\/nu-tec.com\/fr\/wp-json\/wp\/v2\/pages\/1050","targetHints":{"allow":["GET"]}}],"collection":[{"href":"https:\/\/nu-tec.com\/fr\/wp-json\/wp\/v2\/pages"}],"about":[{"href":"https:\/\/nu-tec.com\/fr\/wp-json\/wp\/v2\/types\/page"}],"author":[{"embeddable":true,"href":"https:\/\/nu-tec.com\/fr\/wp-json\/wp\/v2\/users\/3"}],"replies":[{"embeddable":true,"href":"https:\/\/nu-tec.com\/fr\/wp-json\/wp\/v2\/comments?post=1050"}],"version-history":[{"count":22,"href":"https:\/\/nu-tec.com\/fr\/wp-json\/wp\/v2\/pages\/1050\/revisions"}],"predecessor-version":[{"id":4041,"href":"https:\/\/nu-tec.com\/fr\/wp-json\/wp\/v2\/pages\/1050\/revisions\/4041"}],"wp:featuredmedia":[{"embeddable":true,"href":"https:\/\/nu-tec.com\/fr\/wp-json\/wp\/v2\/media\/224"}],"wp:attachment":[{"href":"https:\/\/nu-tec.com\/fr\/wp-json\/wp\/v2\/media?parent=1050"}],"curies":[{"name":"wp","href":"https:\/\/api.w.org\/{rel}","templated":true}]}}