{"id":1054,"date":"2018-02-24T17:07:29","date_gmt":"2018-02-24T17:07:29","guid":{"rendered":"https:\/\/nu-tec.com\/services\/"},"modified":"2018-11-12T17:39:16","modified_gmt":"2018-11-12T17:39:16","slug":"services","status":"publish","type":"page","link":"https:\/\/nu-tec.com\/fr\/services\/","title":{"rendered":"SERVICES"},"content":{"rendered":"<h2>Nos comp\u00e9tences et services<\/h2>\n<p>Nu-Tec Specialty Products jouit de l\u2019appui entier d\u2019une \u00e9quipe de gestionnaires professionnels, de techniciens qualifi\u00e9s, de sp\u00e9cialistes de l\u2019environnement et de la s\u00e9curit\u00e9, d\u2019un soutien logistique comp\u00e9tent et d\u2019un service \u00e0 la client\u00e8le courtois.<\/p>\n<p>Nous sommes reconnus dans l\u2019industrie pour notre souplesse dans la formulation, le remplissage et l\u2019emballage sur commande d\u2019une grande vari\u00e9t\u00e9 de produits domestiques, commerciaux et agricoles. Nous nous sp\u00e9cialisons \u00e9galement dans la reformulation des stocks existants, ainsi que dans le r\u00e9emballage et le r\u00e9\u00e9tiquetage des marchandises endommag\u00e9es ou retourn\u00e9es. Notre usine nous permet d\u2019emballer une grande vari\u00e9t\u00e9 de produits dans des contenants de tous les formats, de 3\u00a0kg \u00e0 1\u00a0000\u00a0kg.<\/p>\n<p>Gr\u00e2ce \u00e0 notre processus d\u2019assurance qualit\u00e9, qui comprend la v\u00e9rification des mati\u00e8res premi\u00e8res et les inspections de contr\u00f4le de qualit\u00e9 des cha\u00eenes de production, votre produit fini est de la plus haute qualit\u00e9. Notre usine offre la souplesse, le dynamisme et la rapidit\u00e9 d\u2019ex\u00e9cution qu\u2019il faut pour que vos produits soient pr\u00eats \u00e0 temps, et ce, rentablement.<\/p>\n","protected":false},"excerpt":{"rendered":"Nos comp\u00e9tences et services Nu-Tec Specialty Products jouit de l\u2019appui entier d\u2019une \u00e9quipe de gestionnaires professionnels, de techniciens qualifi\u00e9s, de sp\u00e9cialistes de l\u2019environnement et de la s\u00e9curit\u00e9, d\u2019un soutien logistique comp\u00e9tent et d\u2019un service \u00e0 la client\u00e8le courtois. Nous sommes reconnus dans l\u2019industrie pour notre souplesse dans la formulation, le remplissage et l\u2019emballage sur commande&#8230; <a class=\"view-article\" href=\"https:\/\/nu-tec.com\/fr\/services\/\">Voir l&rsquo;article<\/a>","protected":false},"author":3,"featured_media":266,"parent":0,"menu_order":0,"comment_status":"closed","ping_status":"closed","template":"page-main.php","meta":{"_acf_changed":false,"_monsterinsights_skip_tracking":false,"_monsterinsights_sitenote_active":false,"_monsterinsights_sitenote_note":"","_monsterinsights_sitenote_category":0,"footnotes":""},"class_list":["post-1054","page","type-page","status-publish","has-post-thumbnail","hentry"],"acf":[],"_links":{"self":[{"href":"https:\/\/nu-tec.com\/fr\/wp-json\/wp\/v2\/pages\/1054","targetHints":{"allow":["GET"]}}],"collection":[{"href":"https:\/\/nu-tec.com\/fr\/wp-json\/wp\/v2\/pages"}],"about":[{"href":"https:\/\/nu-tec.com\/fr\/wp-json\/wp\/v2\/types\/page"}],"author":[{"embeddable":true,"href":"https:\/\/nu-tec.com\/fr\/wp-json\/wp\/v2\/users\/3"}],"replies":[{"embeddable":true,"href":"https:\/\/nu-tec.com\/fr\/wp-json\/wp\/v2\/comments?post=1054"}],"version-history":[{"count":2,"href":"https:\/\/nu-tec.com\/fr\/wp-json\/wp\/v2\/pages\/1054\/revisions"}],"predecessor-version":[{"id":1056,"href":"https:\/\/nu-tec.com\/fr\/wp-json\/wp\/v2\/pages\/1054\/revisions\/1056"}],"wp:featuredmedia":[{"embeddable":true,"href":"https:\/\/nu-tec.com\/fr\/wp-json\/wp\/v2\/media\/266"}],"wp:attachment":[{"href":"https:\/\/nu-tec.com\/fr\/wp-json\/wp\/v2\/media?parent=1054"}],"curies":[{"name":"wp","href":"https:\/\/api.w.org\/{rel}","templated":true}]}}