{"id":1063,"date":"2018-02-28T02:13:49","date_gmt":"2018-02-28T02:13:49","guid":{"rendered":"https:\/\/nu-tec.com\/turf\/nutralene\/"},"modified":"2022-06-16T12:06:37","modified_gmt":"2022-06-16T12:06:37","slug":"nutralene","status":"publish","type":"page","link":"https:\/\/nu-tec.com\/fr\/turf\/nutralene\/","title":{"rendered":"Nutralene"},"content":{"rendered":"<div class=\"productHead tealBox\">L\u2019engrais \u00e0 lib\u00e9ration lente NUTRALENE\u00ae est une source de m\u00e9thyl\u00e8ne-ur\u00e9e (MU) dont l\u2019analyse garantie est de 40-0-0. La lib\u00e9ration r\u00e9guli\u00e8re et durable des \u00e9l\u00e9ments nutritifs pendant pr\u00e8s de 16 semaines constitue une solution rentable et \u00e0 faible entretien pour augmenter efficacement la croissance des racines, ce qui contribue \u00e0 am\u00e9liorer la sant\u00e9 du gazon.<\/div>\n<p><img decoding=\"async\" class=\"alignnone size-full wp-image-626\" src=\"\/wp-content\/uploads\/2019\/04\/nutraleneChartFr.png\" alt=\"\" \/><\/p>\n<h2>Comment \u00e7a marche<\/h2>\n<div class=\"clearDiv\"><\/div>\n<div class=\"prodQuarters\"><img decoding=\"async\" class=\"alignnone size-full wp-image-629\" src=\"\/wp-content\/uploads\/2019\/04\/nutralene1Fr.png\" alt=\"\" \/>La lib\u00e9ration du N est d\u00e9clench\u00e9e par la temp\u00e9rature du sol et l\u2019activit\u00e9 microbienne, de concert avec la demande du gazon.<\/div>\n<div class=\"prodQuarters\"><img loading=\"lazy\" decoding=\"async\" width=\"383\" height=\"367\" class=\"alignnone size-full wp-image-630\" src=\"\/wp-content\/uploads\/2018\/05\/nutralene2.jpg\" alt=\"\" srcset=\"https:\/\/nu-tec.com\/wp-content\/uploads\/2018\/05\/nutralene2.jpg 383w, https:\/\/nu-tec.com\/wp-content\/uploads\/2018\/05\/nutralene2-250x240.jpg 250w, https:\/\/nu-tec.com\/wp-content\/uploads\/2018\/05\/nutralene2-120x115.jpg 120w\" sizes=\"auto, (max-width: 383px) 100vw, 383px\" \/>En g\u00e9n\u00e9ral, la moiti\u00e9 se lib\u00e8re dans les 4 \u00e0 6 premi\u00e8res semaines.<\/div>\n<div class=\"prodQuarters\"><img loading=\"lazy\" decoding=\"async\" width=\"383\" height=\"367\" class=\"alignnone size-full wp-image-631\" src=\"\/wp-content\/uploads\/2018\/05\/nutralene3.jpg\" alt=\"\" srcset=\"https:\/\/nu-tec.com\/wp-content\/uploads\/2018\/05\/nutralene3.jpg 383w, https:\/\/nu-tec.com\/wp-content\/uploads\/2018\/05\/nutralene3-250x240.jpg 250w, https:\/\/nu-tec.com\/wp-content\/uploads\/2018\/05\/nutralene3-120x115.jpg 120w\" sizes=\"auto, (max-width: 383px) 100vw, 383px\" \/>Un autre tiers se lib\u00e8re en 6 \u00e0 12 semaines.<\/div>\n<div class=\"prodQuarters\"><img loading=\"lazy\" decoding=\"async\" width=\"383\" height=\"367\" class=\"alignnone size-full wp-image-635\" src=\"\/wp-content\/uploads\/2018\/05\/nutralene4.jpg\" alt=\"\" srcset=\"https:\/\/nu-tec.com\/wp-content\/uploads\/2018\/05\/nutralene4.jpg 383w, https:\/\/nu-tec.com\/wp-content\/uploads\/2018\/05\/nutralene4-250x240.jpg 250w, https:\/\/nu-tec.com\/wp-content\/uploads\/2018\/05\/nutralene4-120x115.jpg 120w\" sizes=\"auto, (max-width: 383px) 100vw, 383px\" \/>Le reste se lib\u00e8re apr\u00e8s 12 semaines.<\/div>\n","protected":false},"excerpt":{"rendered":"L\u2019engrais \u00e0 lib\u00e9ration lente NUTRALENE\u00ae est une source de m\u00e9thyl\u00e8ne-ur\u00e9e (MU) dont l\u2019analyse garantie est de 40-0-0. La lib\u00e9ration r\u00e9guli\u00e8re et durable des \u00e9l\u00e9ments nutritifs pendant pr\u00e8s de 16 semaines constitue une solution rentable et \u00e0 faible entretien pour augmenter efficacement la croissance des racines, ce qui contribue \u00e0 am\u00e9liorer la sant\u00e9 du gazon. Comment&#8230; <a class=\"view-article\" href=\"https:\/\/nu-tec.com\/fr\/turf\/nutralene\/\">Voir l&rsquo;article<\/a>","protected":false},"author":3,"featured_media":1329,"parent":993,"menu_order":0,"comment_status":"closed","ping_status":"closed","template":"page-products.php","meta":{"_acf_changed":false,"_monsterinsights_skip_tracking":false,"_monsterinsights_sitenote_active":false,"_monsterinsights_sitenote_note":"","_monsterinsights_sitenote_category":0,"footnotes":""},"class_list":["post-1063","page","type-page","status-publish","has-post-thumbnail","hentry"],"acf":[],"_links":{"self":[{"href":"https:\/\/nu-tec.com\/fr\/wp-json\/wp\/v2\/pages\/1063","targetHints":{"allow":["GET"]}}],"collection":[{"href":"https:\/\/nu-tec.com\/fr\/wp-json\/wp\/v2\/pages"}],"about":[{"href":"https:\/\/nu-tec.com\/fr\/wp-json\/wp\/v2\/types\/page"}],"author":[{"embeddable":true,"href":"https:\/\/nu-tec.com\/fr\/wp-json\/wp\/v2\/users\/3"}],"replies":[{"embeddable":true,"href":"https:\/\/nu-tec.com\/fr\/wp-json\/wp\/v2\/comments?post=1063"}],"version-history":[{"count":14,"href":"https:\/\/nu-tec.com\/fr\/wp-json\/wp\/v2\/pages\/1063\/revisions"}],"predecessor-version":[{"id":2450,"href":"https:\/\/nu-tec.com\/fr\/wp-json\/wp\/v2\/pages\/1063\/revisions\/2450"}],"up":[{"embeddable":true,"href":"https:\/\/nu-tec.com\/fr\/wp-json\/wp\/v2\/pages\/993"}],"wp:featuredmedia":[{"embeddable":true,"href":"https:\/\/nu-tec.com\/fr\/wp-json\/wp\/v2\/media\/1329"}],"wp:attachment":[{"href":"https:\/\/nu-tec.com\/fr\/wp-json\/wp\/v2\/media?parent=1063"}],"curies":[{"name":"wp","href":"https:\/\/api.w.org\/{rel}","templated":true}]}}