{"id":1067,"date":"2018-02-28T02:14:10","date_gmt":"2018-02-28T02:14:10","guid":{"rendered":"https:\/\/nu-tec.com\/turf\/nitroform\/"},"modified":"2022-06-16T12:04:18","modified_gmt":"2022-06-16T12:04:18","slug":"nitroform","status":"publish","type":"page","link":"https:\/\/nu-tec.com\/fr\/turf\/nitroform\/","title":{"rendered":"Nitroform"},"content":{"rendered":"<div class=\"productHead ltBlBox\">L\u2019engrais \u00e0 base d\u2019ur\u00e9e-formol (UF) \u00e0 lib\u00e9ration lente NITROFORM\u00ae constitue une source d\u2019azote (N) constante, \u00e9quilibr\u00e9e et fiable pendant 22 semaines ou plus. Depuis plus de 50 ans, les professionnels du gazon et des plantes ornementales comptent sur l\u2019engrais NITROFORM\u00ae en raison de ses propri\u00e9t\u00e9s exclusives de lib\u00e9ration qui en font l\u2019une des sources de N \u00e0 lib\u00e9ration lente les plus s\u00fbres et les plus durables qui soient.<\/div>\n<p><img loading=\"lazy\" decoding=\"async\" class=\"alignnone wp-image-1471 size-full\" src=\"https:\/\/nu-tec.com\/wp-content\/uploads\/2019\/04\/nitroTopFr-2.png\" alt=\"\" width=\"2000\" height=\"602\" \/><\/p>\n<h2>Comment \u00e7a marche?<\/h2>\n<div class=\"clearDiv\"><\/div>\n<div class=\"prodQuarters\"><img loading=\"lazy\" decoding=\"async\" class=\"alignnone wp-image-1473 size-full\" src=\"https:\/\/nu-tec.com\/wp-content\/uploads\/2019\/04\/nform01Fr-3.png\" alt=\"\" width=\"600\" height=\"642\" \/>Plus des deux tiers de sa pr\u00e9paration \u00e9tant sous forme d\u2019azote insoluble dans l\u2019eau (AIE), l\u2019engrais NITROFORM\u00ae fertilise, selon des processus naturels, par d\u00e9composition microbienne.<\/div>\n<div class=\"prodQuarters\"><img loading=\"lazy\" decoding=\"async\" width=\"300\" height=\"320\" class=\"alignnone size-full wp-image-295\" src=\"https:\/\/nu-tec.com\/wp-content\/uploads\/2018\/04\/nform02-1.png\" alt=\"\" srcset=\"https:\/\/nu-tec.com\/wp-content\/uploads\/2018\/04\/nform02-1.png 300w, https:\/\/nu-tec.com\/wp-content\/uploads\/2018\/04\/nform02-1-250x267.png 250w, https:\/\/nu-tec.com\/wp-content\/uploads\/2018\/04\/nform02-1-120x128.png 120w\" sizes=\"auto, (max-width: 300px) 100vw, 300px\" \/>Les microbes convertissent progressivement l\u2019UF en ur\u00e9e, qui se convertit en ammonium et puis en nitrates dans le sol.<\/div>\n<div class=\"prodQuarters\"><img decoding=\"async\" class=\"alignnone size-full wp-image-292\" src=\"https:\/\/nu-tec.com\/wp-content\/uploads\/2019\/04\/nform03Fr-2.png\" alt=\"\" \/>Le vitesse de lib\u00e9ration de l\u2019azote est dict\u00e9e par la longueur des cha\u00eenes d\u2019UF.<\/div>\n<div class=\"prodQuarters\"><img decoding=\"async\" class=\"alignnone size-full wp-image-293\" src=\"https:\/\/nu-tec.com\/wp-content\/uploads\/2019\/04\/nform04Fr.png\" alt=\"\" \/>L\u2019AIE prolonge la lib\u00e9ration des \u00e9l\u00e9ments nutritifs jusqu\u2019\u00e0 22 semaines.<\/div>\n","protected":false},"excerpt":{"rendered":"L\u2019engrais \u00e0 base d\u2019ur\u00e9e-formol (UF) \u00e0 lib\u00e9ration lente NITROFORM\u00ae constitue une source d\u2019azote (N) constante, \u00e9quilibr\u00e9e et fiable pendant 22 semaines ou plus. Depuis plus de 50 ans, les professionnels du gazon et des plantes ornementales comptent sur l\u2019engrais NITROFORM\u00ae en raison de ses propri\u00e9t\u00e9s exclusives de lib\u00e9ration qui en font l\u2019une des sources de&#8230; <a class=\"view-article\" href=\"https:\/\/nu-tec.com\/fr\/turf\/nitroform\/\">Voir l&rsquo;article<\/a>","protected":false},"author":3,"featured_media":1330,"parent":993,"menu_order":0,"comment_status":"closed","ping_status":"closed","template":"page-products.php","meta":{"_acf_changed":false,"_monsterinsights_skip_tracking":false,"_monsterinsights_sitenote_active":false,"_monsterinsights_sitenote_note":"","_monsterinsights_sitenote_category":0,"footnotes":""},"class_list":["post-1067","page","type-page","status-publish","has-post-thumbnail","hentry"],"acf":[],"_links":{"self":[{"href":"https:\/\/nu-tec.com\/fr\/wp-json\/wp\/v2\/pages\/1067","targetHints":{"allow":["GET"]}}],"collection":[{"href":"https:\/\/nu-tec.com\/fr\/wp-json\/wp\/v2\/pages"}],"about":[{"href":"https:\/\/nu-tec.com\/fr\/wp-json\/wp\/v2\/types\/page"}],"author":[{"embeddable":true,"href":"https:\/\/nu-tec.com\/fr\/wp-json\/wp\/v2\/users\/3"}],"replies":[{"embeddable":true,"href":"https:\/\/nu-tec.com\/fr\/wp-json\/wp\/v2\/comments?post=1067"}],"version-history":[{"count":27,"href":"https:\/\/nu-tec.com\/fr\/wp-json\/wp\/v2\/pages\/1067\/revisions"}],"predecessor-version":[{"id":2427,"href":"https:\/\/nu-tec.com\/fr\/wp-json\/wp\/v2\/pages\/1067\/revisions\/2427"}],"up":[{"embeddable":true,"href":"https:\/\/nu-tec.com\/fr\/wp-json\/wp\/v2\/pages\/993"}],"wp:featuredmedia":[{"embeddable":true,"href":"https:\/\/nu-tec.com\/fr\/wp-json\/wp\/v2\/media\/1330"}],"wp:attachment":[{"href":"https:\/\/nu-tec.com\/fr\/wp-json\/wp\/v2\/media?parent=1067"}],"curies":[{"name":"wp","href":"https:\/\/api.w.org\/{rel}","templated":true}]}}