{"id":13,"date":"2018-02-22T01:35:37","date_gmt":"2018-02-22T01:35:37","guid":{"rendered":"http:\/\/sp.suite21.net\/?page_id=13"},"modified":"2022-06-14T13:41:04","modified_gmt":"2022-06-14T13:41:04","slug":"about-french","status":"publish","type":"page","link":"https:\/\/nu-tec.com\/fr\/about-french\/","title":{"rendered":"\u00c0 PROPOS DE NOUS"},"content":{"rendered":"<h2>Nous r\u00e9pondons \u00e0 tous les besoins de votre entreprise en mati\u00e8re de fabrication, de formulation et d\u2019emballage, et ce, avec expertise.<\/h2>\n<p>Depuis plus de 30 ans, Nu-Tec Specialty Products est un chef de file dans la fabrication de produits pour le gazon professionnel, l\u2019horticulture professionnelle, la maison et l\u2019agriculture. Au fil des ans, nous avons chang\u00e9 de nom (Hillview Farms, Nu-Gro et Agrium), mais nous fabriquons toujours des produits de qualit\u00e9 sup\u00e9rieure \u00e0 notre usine de Putnam, en Ontario.<\/p>\n<p>Nu-Tec Specialty Products est fi\u00e8re de fournir des produits de qualit\u00e9 sup\u00e9rieure contenant des marques technologiques comme TTRU<sup><small>MC<\/small><\/sup>, Duration\u00ae, XCU\u00ae, Nutralene\u00ae et Nitroform\u00ae.<\/p>\n<p><strong>Nous r\u00e9pondons \u00e0 tous les besoins de votre entreprise en mati\u00e8re de fabrication, de formulation et d\u2019emballage, et ce, avec expertise.<\/strong><\/p>\n","protected":false},"excerpt":{"rendered":"Nous r\u00e9pondons \u00e0 tous les besoins de votre entreprise en mati\u00e8re de fabrication, de formulation et d\u2019emballage, et ce, avec expertise. Depuis plus de 30 ans, Nu-Tec Specialty Products est un chef de file dans la fabrication de produits pour le gazon professionnel, l\u2019horticulture professionnelle, la maison et l\u2019agriculture. Au fil des ans, nous avons&#8230; <a class=\"view-article\" href=\"https:\/\/nu-tec.com\/fr\/about-french\/\">Voir l&rsquo;article<\/a>","protected":false},"author":3,"featured_media":38,"parent":0,"menu_order":0,"comment_status":"closed","ping_status":"closed","template":"page-main.php","meta":{"_acf_changed":false,"_monsterinsights_skip_tracking":false,"_monsterinsights_sitenote_active":false,"_monsterinsights_sitenote_note":"","_monsterinsights_sitenote_category":0,"footnotes":""},"class_list":["post-13","page","type-page","status-publish","has-post-thumbnail","hentry"],"acf":[],"_links":{"self":[{"href":"https:\/\/nu-tec.com\/fr\/wp-json\/wp\/v2\/pages\/13","targetHints":{"allow":["GET"]}}],"collection":[{"href":"https:\/\/nu-tec.com\/fr\/wp-json\/wp\/v2\/pages"}],"about":[{"href":"https:\/\/nu-tec.com\/fr\/wp-json\/wp\/v2\/types\/page"}],"author":[{"embeddable":true,"href":"https:\/\/nu-tec.com\/fr\/wp-json\/wp\/v2\/users\/3"}],"replies":[{"embeddable":true,"href":"https:\/\/nu-tec.com\/fr\/wp-json\/wp\/v2\/comments?post=13"}],"version-history":[{"count":12,"href":"https:\/\/nu-tec.com\/fr\/wp-json\/wp\/v2\/pages\/13\/revisions"}],"predecessor-version":[{"id":2329,"href":"https:\/\/nu-tec.com\/fr\/wp-json\/wp\/v2\/pages\/13\/revisions\/2329"}],"wp:featuredmedia":[{"embeddable":true,"href":"https:\/\/nu-tec.com\/fr\/wp-json\/wp\/v2\/media\/38"}],"wp:attachment":[{"href":"https:\/\/nu-tec.com\/fr\/wp-json\/wp\/v2\/media?parent=13"}],"curies":[{"name":"wp","href":"https:\/\/api.w.org\/{rel}","templated":true}]}}