{"id":2464,"date":"2022-06-20T15:34:48","date_gmt":"2022-06-20T15:34:48","guid":{"rendered":"https:\/\/nu-tec.com\/?page_id=2464"},"modified":"2022-06-20T15:34:48","modified_gmt":"2022-06-20T15:34:48","slug":"ttru","status":"publish","type":"page","link":"https:\/\/nu-tec.com\/fr\/turf\/ttru\/","title":{"rendered":"TTRU"},"content":{"rendered":"<div class=\"productHead tealBox\"><strong>TTRU &#x2122; (Trusted Time-Release Urea)<\/strong> est une technologie \u00e0 lib\u00e9ration contr\u00f4l\u00e9e qui fournit une lib\u00e9ration fiable et progressive d&rsquo;azote pour une nutrition prolong\u00e9e et un gazon coh\u00e9rent, dynamique et sain. La technologie <strong>TRRU&#x2122;<\/strong> r\u00e9duit la probabilit\u00e9 de cycles de festin\/famine, de bouff\u00e9es de croissance et de br\u00fblures. D\u00e9velopp\u00e9 par un leader de l&rsquo;industrie dans la fourniture et la fabrication des technologies d&rsquo;engrais les plus performantes et PROUV\u00c9ES \u00e0 efficacit\u00e9 am\u00e9lior\u00e9e, l&rsquo;ur\u00e9e \u00e0 lib\u00e9ration prolong\u00e9e <strong>TTRU &#x2122;<\/strong> est un engrais PCU avec des performances exceptionnelles auxquelles vous pouvez <strong>TTRU<\/strong>ST.<\/div>\n<div><\/div>\n<div><img loading=\"lazy\" decoding=\"async\" class=\"alignnone wp-image-2473\" src=\"https:\/\/nu-tec.com\/wp-content\/uploads\/2022\/06\/TTRU-Advanced-Polymer-Coating-Technology-French.png\" alt=\"\" width=\"1028\" height=\"595\" srcset=\"https:\/\/nu-tec.com\/wp-content\/uploads\/2022\/06\/TTRU-Advanced-Polymer-Coating-Technology-French.png 760w, https:\/\/nu-tec.com\/wp-content\/uploads\/2022\/06\/TTRU-Advanced-Polymer-Coating-Technology-French-250x145.png 250w, https:\/\/nu-tec.com\/wp-content\/uploads\/2022\/06\/TTRU-Advanced-Polymer-Coating-Technology-French-700x405.png 700w, https:\/\/nu-tec.com\/wp-content\/uploads\/2022\/06\/TTRU-Advanced-Polymer-Coating-Technology-French-120x69.png 120w\" sizes=\"auto, (max-width: 1028px) 100vw, 1028px\" \/><\/div>\n<div>\n<h2>Comment \u00e7a marche?<\/h2>\n<p><a class=\"lightBox\" href=\"https:\/\/nu-tec.com\/wp-content\/uploads\/2022\/06\/How-Does-It-Work-French-1.jpg\"><img loading=\"lazy\" decoding=\"async\" class=\"alignnone wp-image-2481 size-full\" src=\"https:\/\/nu-tec.com\/wp-content\/uploads\/2022\/06\/How-Does-It-Work-French-1.jpg\" alt=\"\" width=\"1072\" height=\"414\" srcset=\"https:\/\/nu-tec.com\/wp-content\/uploads\/2022\/06\/How-Does-It-Work-French-1.jpg 1072w, https:\/\/nu-tec.com\/wp-content\/uploads\/2022\/06\/How-Does-It-Work-French-1-250x97.jpg 250w, https:\/\/nu-tec.com\/wp-content\/uploads\/2022\/06\/How-Does-It-Work-French-1-700x270.jpg 700w, https:\/\/nu-tec.com\/wp-content\/uploads\/2022\/06\/How-Does-It-Work-French-1-768x297.jpg 768w, https:\/\/nu-tec.com\/wp-content\/uploads\/2022\/06\/How-Does-It-Work-French-1-120x46.jpg 120w\" sizes=\"auto, (max-width: 1072px) 100vw, 1072px\" \/><\/a><\/p>\n<\/div>\n","protected":false},"excerpt":{"rendered":"TTRU &#x2122; (Trusted Time-Release Urea) est une technologie \u00e0 lib\u00e9ration contr\u00f4l\u00e9e qui fournit une lib\u00e9ration fiable et progressive d&rsquo;azote pour une nutrition prolong\u00e9e et un gazon coh\u00e9rent, dynamique et sain. La technologie TRRU&#x2122; r\u00e9duit la probabilit\u00e9 de cycles de festin\/famine, de bouff\u00e9es de croissance et de br\u00fblures. D\u00e9velopp\u00e9 par un leader de l&rsquo;industrie dans la&#8230; <a class=\"view-article\" href=\"https:\/\/nu-tec.com\/fr\/turf\/ttru\/\">Voir l&rsquo;article<\/a>","protected":false},"author":3,"featured_media":2249,"parent":993,"menu_order":0,"comment_status":"closed","ping_status":"closed","template":"page-products.php","meta":{"_acf_changed":false,"_monsterinsights_skip_tracking":false,"_monsterinsights_sitenote_active":false,"_monsterinsights_sitenote_note":"","_monsterinsights_sitenote_category":0,"footnotes":""},"class_list":["post-2464","page","type-page","status-publish","has-post-thumbnail","hentry"],"acf":[],"_links":{"self":[{"href":"https:\/\/nu-tec.com\/fr\/wp-json\/wp\/v2\/pages\/2464","targetHints":{"allow":["GET"]}}],"collection":[{"href":"https:\/\/nu-tec.com\/fr\/wp-json\/wp\/v2\/pages"}],"about":[{"href":"https:\/\/nu-tec.com\/fr\/wp-json\/wp\/v2\/types\/page"}],"author":[{"embeddable":true,"href":"https:\/\/nu-tec.com\/fr\/wp-json\/wp\/v2\/users\/3"}],"replies":[{"embeddable":true,"href":"https:\/\/nu-tec.com\/fr\/wp-json\/wp\/v2\/comments?post=2464"}],"version-history":[{"count":20,"href":"https:\/\/nu-tec.com\/fr\/wp-json\/wp\/v2\/pages\/2464\/revisions"}],"predecessor-version":[{"id":2496,"href":"https:\/\/nu-tec.com\/fr\/wp-json\/wp\/v2\/pages\/2464\/revisions\/2496"}],"up":[{"embeddable":true,"href":"https:\/\/nu-tec.com\/fr\/wp-json\/wp\/v2\/pages\/993"}],"wp:featuredmedia":[{"embeddable":true,"href":"https:\/\/nu-tec.com\/fr\/wp-json\/wp\/v2\/media\/2249"}],"wp:attachment":[{"href":"https:\/\/nu-tec.com\/fr\/wp-json\/wp\/v2\/media?parent=2464"}],"curies":[{"name":"wp","href":"https:\/\/api.w.org\/{rel}","templated":true}]}}