{"id":2507,"date":"2022-06-20T16:10:15","date_gmt":"2022-06-20T16:10:15","guid":{"rendered":"https:\/\/nu-tec.com\/?page_id=2507"},"modified":"2022-06-20T19:24:36","modified_gmt":"2022-06-20T19:24:36","slug":"duration-cr","status":"publish","type":"page","link":"https:\/\/nu-tec.com\/fr\/turf\/duration-cr\/","title":{"rendered":"Duration CR"},"content":{"rendered":"<div class=\"productHead tealBox\">\n<p>L&rsquo;engrais \u00e0 lib\u00e9ration contr\u00f4l\u00e9e <strong>DURATION CR\u00ae<\/strong> s&rsquo;appuie sur une technologie brevet\u00e9e et durable \u00e0 rev\u00eatement de polym\u00e8re pour lib\u00e9rer progressivement et efficacement les nutriments. Le r\u00e9sultat est un dosage constant de la nutrition qui dure des semaines, voire des mois, avec moins d&rsquo;applications. Cette coh\u00e9rence aide \u00e0 \u00e9liminer le souci de maintenir un gazon et des plantes sains pour les gestionnaires de gazon et les professionnels de la pelouse et de l&rsquo;am\u00e9nagement paysager.<\/p>\n<\/div>\n<p><img loading=\"lazy\" decoding=\"async\" width=\"1800\" height=\"900\" class=\"alignnone size-full wp-image-2528\" src=\"https:\/\/nu-tec.com\/wp-content\/uploads\/2022\/06\/Coating_technology-French-1.png\" alt=\"\" srcset=\"https:\/\/nu-tec.com\/wp-content\/uploads\/2022\/06\/Coating_technology-French-1.png 1800w, https:\/\/nu-tec.com\/wp-content\/uploads\/2022\/06\/Coating_technology-French-1-250x125.png 250w, https:\/\/nu-tec.com\/wp-content\/uploads\/2022\/06\/Coating_technology-French-1-700x350.png 700w, https:\/\/nu-tec.com\/wp-content\/uploads\/2022\/06\/Coating_technology-French-1-768x384.png 768w, https:\/\/nu-tec.com\/wp-content\/uploads\/2022\/06\/Coating_technology-French-1-1536x768.png 1536w, https:\/\/nu-tec.com\/wp-content\/uploads\/2022\/06\/Coating_technology-French-1-120x60.png 120w\" sizes=\"auto, (max-width: 1800px) 100vw, 1800px\" \/><\/p>\n<h2>Comment \u00e7a marche?<\/h2>\n<p><img loading=\"lazy\" decoding=\"async\" width=\"1800\" height=\"751\" class=\"alignnone size-full wp-image-2535\" src=\"https:\/\/nu-tec.com\/wp-content\/uploads\/2022\/06\/Howitworks-French-1.png\" alt=\"\" srcset=\"https:\/\/nu-tec.com\/wp-content\/uploads\/2022\/06\/Howitworks-French-1.png 1800w, https:\/\/nu-tec.com\/wp-content\/uploads\/2022\/06\/Howitworks-French-1-250x104.png 250w, https:\/\/nu-tec.com\/wp-content\/uploads\/2022\/06\/Howitworks-French-1-700x292.png 700w, https:\/\/nu-tec.com\/wp-content\/uploads\/2022\/06\/Howitworks-French-1-768x320.png 768w, https:\/\/nu-tec.com\/wp-content\/uploads\/2022\/06\/Howitworks-French-1-1536x641.png 1536w, https:\/\/nu-tec.com\/wp-content\/uploads\/2022\/06\/Howitworks-French-1-120x50.png 120w\" sizes=\"auto, (max-width: 1800px) 100vw, 1800px\" \/><\/p>\n","protected":false},"excerpt":{"rendered":"L&rsquo;engrais \u00e0 lib\u00e9ration contr\u00f4l\u00e9e DURATION CR\u00ae s&rsquo;appuie sur une technologie brevet\u00e9e et durable \u00e0 rev\u00eatement de polym\u00e8re pour lib\u00e9rer progressivement et efficacement les nutriments. Le r\u00e9sultat est un dosage constant de la nutrition qui dure des semaines, voire des mois, avec moins d&rsquo;applications. Cette coh\u00e9rence aide \u00e0 \u00e9liminer le souci de maintenir un gazon et&#8230; <a class=\"view-article\" href=\"https:\/\/nu-tec.com\/fr\/turf\/duration-cr\/\">Voir l&rsquo;article<\/a>","protected":false},"author":3,"featured_media":1921,"parent":993,"menu_order":0,"comment_status":"closed","ping_status":"closed","template":"page-products.php","meta":{"_acf_changed":false,"_monsterinsights_skip_tracking":false,"_monsterinsights_sitenote_active":false,"_monsterinsights_sitenote_note":"","_monsterinsights_sitenote_category":0,"footnotes":""},"class_list":["post-2507","page","type-page","status-publish","has-post-thumbnail","hentry"],"acf":[],"_links":{"self":[{"href":"https:\/\/nu-tec.com\/fr\/wp-json\/wp\/v2\/pages\/2507","targetHints":{"allow":["GET"]}}],"collection":[{"href":"https:\/\/nu-tec.com\/fr\/wp-json\/wp\/v2\/pages"}],"about":[{"href":"https:\/\/nu-tec.com\/fr\/wp-json\/wp\/v2\/types\/page"}],"author":[{"embeddable":true,"href":"https:\/\/nu-tec.com\/fr\/wp-json\/wp\/v2\/users\/3"}],"replies":[{"embeddable":true,"href":"https:\/\/nu-tec.com\/fr\/wp-json\/wp\/v2\/comments?post=2507"}],"version-history":[{"count":27,"href":"https:\/\/nu-tec.com\/fr\/wp-json\/wp\/v2\/pages\/2507\/revisions"}],"predecessor-version":[{"id":2555,"href":"https:\/\/nu-tec.com\/fr\/wp-json\/wp\/v2\/pages\/2507\/revisions\/2555"}],"up":[{"embeddable":true,"href":"https:\/\/nu-tec.com\/fr\/wp-json\/wp\/v2\/pages\/993"}],"wp:featuredmedia":[{"embeddable":true,"href":"https:\/\/nu-tec.com\/fr\/wp-json\/wp\/v2\/media\/1921"}],"wp:attachment":[{"href":"https:\/\/nu-tec.com\/fr\/wp-json\/wp\/v2\/media?parent=2507"}],"curies":[{"name":"wp","href":"https:\/\/api.w.org\/{rel}","templated":true}]}}