{"id":3767,"date":"2018-02-24T17:06:54","date_gmt":"2018-02-24T17:06:54","guid":{"rendered":"https:\/\/nu-tec.com\/ice-melter\/"},"modified":"2025-09-26T17:01:42","modified_gmt":"2025-09-26T17:01:42","slug":"ice-melter","status":"publish","type":"page","link":"https:\/\/nu-tec.com\/fr\/ice-melter\/","title":{"rendered":"FONDANTS"},"content":{"rendered":"<h1><span style=\"color: #0000ff;\">Des leaders en technologie de fonte de glace environnementale<\/span><\/h1>\n<p>Des fondants \u00e0 glace innovants, issus de la recherche et dont les performances ont \u00e9t\u00e9 prouv\u00e9es. De puissants produits de marque connue ou priv\u00e9e, tous soutenus par une fabrication, une logistique, une distribution et une assistance technique et commerciale uniques et \u00e0 la pointe du progr\u00e8s.<\/p>\n<p><span style=\"color: #0000ff;\"><strong>Les bons produits. Au bon prix. Et les personnes pour les soutenir!<\/strong><\/span><\/p>\n<div class=\"prodThirds\">\n<p><a href=\"https:\/\/nu-tec.com\/fr\/ice-melter\/firestorm\/\"><img loading=\"lazy\" decoding=\"async\" class=\"alignnone wp-image-3817\" src=\"https:\/\/nu-tec.com\/wp-content\/uploads\/2024\/02\/firestorm-logo-tm-1000px-fr.png\" alt=\"\" width=\"1521\" height=\"357\" srcset=\"https:\/\/nu-tec.com\/wp-content\/uploads\/2024\/02\/firestorm-logo-tm-1000px-fr.png 1000w, https:\/\/nu-tec.com\/wp-content\/uploads\/2024\/02\/firestorm-logo-tm-1000px-fr-250x59.png 250w, https:\/\/nu-tec.com\/wp-content\/uploads\/2024\/02\/firestorm-logo-tm-1000px-fr-700x165.png 700w, https:\/\/nu-tec.com\/wp-content\/uploads\/2024\/02\/firestorm-logo-tm-1000px-fr-768x180.png 768w, https:\/\/nu-tec.com\/wp-content\/uploads\/2024\/02\/firestorm-logo-tm-1000px-fr-120x28.png 120w\" sizes=\"auto, (max-width: 1521px) 100vw, 1521px\" \/><\/a><\/p>\n<p><strong><span style=\"color: #f5333f;\">Une puissance et une s\u00e9curit\u00e9 in\u00e9gal\u00e9es!<\/span> <\/strong> Le SEUL m\u00e9lange de magn\u00e9sium, de sodium et d\u2019ur\u00e9e avec le compos\u00e9 brevet\u00e9 FS2000<sup>MC<\/sup>. Chaque particule est trait\u00e9e pour obtenir une vitesse maximale et une temp\u00e9rature de fonte la plus basse possible. Commence \u00e0 faire fondre INSTANTAN\u00c9MENT.<\/p>\n<p><span style=\"color: #f5333f;\"><strong>Agit jusqu\u2019\u00e0 to -31\u00b0F (-35\u00b0C).<\/strong><\/span><\/p>\n<p><a class=\"readMore\" href=\"https:\/\/nu-tec.com\/fr\/ice-melter\/firestorm\/\">Lire la suite<\/a><\/p>\n<\/div>\n<div class=\"prodThirds\">\n<p><a href=\"https:\/\/nu-tec.com\/fr\/ice-melter\/natural-choice\/\"><img loading=\"lazy\" decoding=\"async\" class=\"alignnone wp-image-3825\" src=\"https:\/\/nu-tec.com\/wp-content\/uploads\/2024\/02\/natural-choice-logo-tm-tagline-1000px-fr.png\" alt=\"\" width=\"557\" height=\"116\" srcset=\"https:\/\/nu-tec.com\/wp-content\/uploads\/2024\/02\/natural-choice-logo-tm-tagline-1000px-fr.png 1000w, https:\/\/nu-tec.com\/wp-content\/uploads\/2024\/02\/natural-choice-logo-tm-tagline-1000px-fr-250x52.png 250w, https:\/\/nu-tec.com\/wp-content\/uploads\/2024\/02\/natural-choice-logo-tm-tagline-1000px-fr-700x146.png 700w, https:\/\/nu-tec.com\/wp-content\/uploads\/2024\/02\/natural-choice-logo-tm-tagline-1000px-fr-768x161.png 768w, https:\/\/nu-tec.com\/wp-content\/uploads\/2024\/02\/natural-choice-logo-tm-tagline-1000px-fr-120x25.png 120w\" sizes=\"auto, (max-width: 557px) 100vw, 557px\" \/><\/a><\/p>\n<p><span style=\"color: #006742;\"><strong>La solution de rechange naturelle aux produits de fonte de glace ordinaires.<\/strong><\/span> Notre fondant \u00e0 glace \u00e9cologique, d\u00e9riv\u00e9 d\u2019ingr\u00e9dients naturels, offre des performances \u00e9prouv\u00e9es tout en minimisant l\u2019impact sur l\u2019environnement.<\/p>\n<p><span style=\"color: #006742;\"><strong>Agit jusqu\u2019\u00e0 -15\u00b0F (-26\u00b0C).<\/strong><\/span><\/p>\n<p><a class=\"readMore\" href=\"https:\/\/nu-tec.com\/fr\/ice-melter\/natural-choice\/\">Lire la suite<\/a><\/p>\n<\/div>\n<div class=\"prodThirds\">\n<p><a href=\"https:\/\/nu-tec.com\/fr\/ice-melter\/vanish\/\"><img loading=\"lazy\" decoding=\"async\" class=\"alignnone wp-image-3827\" src=\"https:\/\/nu-tec.com\/wp-content\/uploads\/2024\/02\/vanish-logo-black-tagline-1000px-fr.png\" alt=\"\" width=\"171\" height=\"60\" srcset=\"https:\/\/nu-tec.com\/wp-content\/uploads\/2024\/02\/vanish-logo-black-tagline-1000px-fr.png 1000w, https:\/\/nu-tec.com\/wp-content\/uploads\/2024\/02\/vanish-logo-black-tagline-1000px-fr-250x88.png 250w, https:\/\/nu-tec.com\/wp-content\/uploads\/2024\/02\/vanish-logo-black-tagline-1000px-fr-700x246.png 700w, https:\/\/nu-tec.com\/wp-content\/uploads\/2024\/02\/vanish-logo-black-tagline-1000px-fr-768x270.png 768w, https:\/\/nu-tec.com\/wp-content\/uploads\/2024\/02\/vanish-logo-black-tagline-1000px-fr-120x42.png 120w\" sizes=\"auto, (max-width: 171px) 100vw, 171px\" \/><\/a><\/p>\n<p><span style=\"color: #ffd101;\"><strong>Une formulation enrichie qui fait DISPARA\u00ceTRE la neige et la glace!<\/strong><\/span> Notre tout nouveau fondant \u00e0 glace a un pouvoir de fonte de glace rapide, efficace et durable. Chaque particule est trait\u00e9e avec le compos\u00e9 brevet\u00e9 FS2000<sup>MC<\/sup> et de l\u2019ACM!<\/p>\n<p><span style=\"color: #ffd101;\"><strong>Agit jusqu\u2019\u00e0 \u221225\u00a0\u00b0C (\u221213\u00a0\u00b0F).<\/strong><\/span><\/p>\n<p><a class=\"readMore\" href=\"https:\/\/nu-tec.com\/fr\/ice-melter\/vanish\/\">Lire la suite<\/a><\/p>\n<\/div>\n<div class=\"prodThirds\">\n<p>&nbsp;<\/p>\n<p><a href=\"https:\/\/nu-tec.com\/fr\/ice-melter\/fs2000\/\"><img loading=\"lazy\" decoding=\"async\" class=\"alignnone wp-image-3886 size-full\" src=\"https:\/\/nu-tec.com\/wp-content\/uploads\/2024\/02\/fs2000-logo-tm-500px-fr.png\" alt=\"\" width=\"500\" height=\"141\" srcset=\"https:\/\/nu-tec.com\/wp-content\/uploads\/2024\/02\/fs2000-logo-tm-500px-fr.png 500w, https:\/\/nu-tec.com\/wp-content\/uploads\/2024\/02\/fs2000-logo-tm-500px-fr-250x71.png 250w, https:\/\/nu-tec.com\/wp-content\/uploads\/2024\/02\/fs2000-logo-tm-500px-fr-120x34.png 120w\" sizes=\"auto, (max-width: 500px) 100vw, 500px\" \/><\/a><\/p>\n<p><span style=\"color: #faa41a;\"><strong>Un liquide de d\u00e9gla\u00e7age intense!<\/strong><\/span> Formul\u00e9 avec un d\u00e9riv\u00e9 organique, le chlorure de magn\u00e9sium (MgCl<sub>2<\/sub>) \u00e0 30\u00a0% brevet\u00e9 inhibe la corrosion et supprime la formation de cristaux. \u00c0 la base de notre technologie innovante de fonte de glace, il constitue un pr\u00e9traitement efficace.<\/p>\n<p><a class=\"readMore\" href=\"https:\/\/nu-tec.com\/fr\/ice-melter\/fs2000\/\">Lire la suite<\/a><\/p>\n<\/div>\n<div class=\"prodThirds\">\n<p><a href=\"https:\/\/nu-tec.com\/fr\/ice-melter\/firestorm-free\/\"><img loading=\"lazy\" decoding=\"async\" class=\"alignnone wp-image-3815\" src=\"https:\/\/nu-tec.com\/wp-content\/uploads\/2024\/02\/firestorm-free-logo-tm-tagline-800px-fr.png\" alt=\"\" width=\"311\" height=\"150\" srcset=\"https:\/\/nu-tec.com\/wp-content\/uploads\/2024\/02\/firestorm-free-logo-tm-tagline-800px-fr.png 800w, https:\/\/nu-tec.com\/wp-content\/uploads\/2024\/02\/firestorm-free-logo-tm-tagline-800px-fr-250x121.png 250w, https:\/\/nu-tec.com\/wp-content\/uploads\/2024\/02\/firestorm-free-logo-tm-tagline-800px-fr-700x338.png 700w, https:\/\/nu-tec.com\/wp-content\/uploads\/2024\/02\/firestorm-free-logo-tm-tagline-800px-fr-768x371.png 768w, https:\/\/nu-tec.com\/wp-content\/uploads\/2024\/02\/firestorm-free-logo-tm-tagline-800px-fr-120x58.png 120w\" sizes=\"auto, (max-width: 311px) 100vw, 311px\" \/><\/a><span style=\"color: #002b5c;\"><strong>Sans chlorures, ac\u00e9tates, ni nitrates, Firestorm Free<sup>MC<\/sup> est plus performant que l\u2019ACM et deux fois moins cher.<\/strong><\/span> De plus, \u00e9tant exempt de chlorures, d\u2019ac\u00e9tates et de nitrates, il est \u00e9cologique. Il est aussi efficace, voire plus, que les principaux fondants \u00e0 glace \u00e0 base de chlorure et peut contribuer \u00e0 l\u2019obtention de points LEED\u00ae.<\/p>\n<p><span style=\"color: #002b5c;\"><strong>Agit jusqu\u2019\u00e0 \u221223\u00a0\u00b0C (\u22129\u00a0\u00b0F).<\/strong><\/span><\/p>\n<p><a class=\"readMore\" href=\"https:\/\/nu-tec.com\/fr\/ice-melter\/firestorm-free\/\">Lire la suite<\/a><\/p>\n<\/div>\n","protected":false},"excerpt":{"rendered":"Des leaders en technologie de fonte de glace environnementale Des fondants \u00e0 glace innovants, issus de la recherche et dont les performances ont \u00e9t\u00e9 prouv\u00e9es. De puissants produits de marque connue ou priv\u00e9e, tous soutenus par une fabrication, une logistique, une distribution et une assistance technique et commerciale uniques et \u00e0 la pointe du progr\u00e8s&#8230;. <a class=\"view-article\" href=\"https:\/\/nu-tec.com\/fr\/ice-melter\/\">Voir l&rsquo;article<\/a>","protected":false},"author":3,"featured_media":3892,"parent":0,"menu_order":0,"comment_status":"closed","ping_status":"closed","template":"page-main.php","meta":{"_acf_changed":false,"_monsterinsights_skip_tracking":false,"_monsterinsights_sitenote_active":false,"_monsterinsights_sitenote_note":"","_monsterinsights_sitenote_category":0,"footnotes":""},"class_list":["post-3767","page","type-page","status-publish","has-post-thumbnail","hentry"],"acf":[],"_links":{"self":[{"href":"https:\/\/nu-tec.com\/fr\/wp-json\/wp\/v2\/pages\/3767","targetHints":{"allow":["GET"]}}],"collection":[{"href":"https:\/\/nu-tec.com\/fr\/wp-json\/wp\/v2\/pages"}],"about":[{"href":"https:\/\/nu-tec.com\/fr\/wp-json\/wp\/v2\/types\/page"}],"author":[{"embeddable":true,"href":"https:\/\/nu-tec.com\/fr\/wp-json\/wp\/v2\/users\/3"}],"replies":[{"embeddable":true,"href":"https:\/\/nu-tec.com\/fr\/wp-json\/wp\/v2\/comments?post=3767"}],"version-history":[{"count":21,"href":"https:\/\/nu-tec.com\/fr\/wp-json\/wp\/v2\/pages\/3767\/revisions"}],"predecessor-version":[{"id":4043,"href":"https:\/\/nu-tec.com\/fr\/wp-json\/wp\/v2\/pages\/3767\/revisions\/4043"}],"wp:featuredmedia":[{"embeddable":true,"href":"https:\/\/nu-tec.com\/fr\/wp-json\/wp\/v2\/media\/3892"}],"wp:attachment":[{"href":"https:\/\/nu-tec.com\/fr\/wp-json\/wp\/v2\/media?parent=3767"}],"curies":[{"name":"wp","href":"https:\/\/api.w.org\/{rel}","templated":true}]}}