{"id":3776,"date":"2024-02-07T03:40:20","date_gmt":"2024-02-07T03:40:20","guid":{"rendered":"https:\/\/nu-tec.com\/?page_id=3776"},"modified":"2024-02-07T05:09:06","modified_gmt":"2024-02-07T05:09:06","slug":"firestorm","status":"publish","type":"page","link":"https:\/\/nu-tec.com\/fr\/ice-melter\/firestorm\/","title":{"rendered":"Firestorm"},"content":{"rendered":"<p><img loading=\"lazy\" decoding=\"async\" class=\"alignnone wp-image-3817\" src=\"https:\/\/nu-tec.com\/wp-content\/uploads\/2024\/02\/firestorm-logo-tm-1000px-fr.png\" alt=\"\" width=\"500\" height=\"235\" \/><\/p>\n<h1><span style=\"color: #f5333f;\"><strong>D\u2019une puissance et d\u2019une s\u00e9curit\u00e9 in\u00e9gal\u00e9es<\/strong><\/span><\/h1>\n<p><span style=\"color: #f5333f;\"><strong>FIRESTORM<sup>MC<\/sup><\/strong> <\/span>est le seul m\u00e9lange de magn\u00e9sium, de sodium et d\u2019ur\u00e9e contenant le compos\u00e9 brevet\u00e9 <span style=\"color: #f5333f;\"> <strong>FS2000<sup>MC<\/sup><\/strong>.<\/span> Cette combinaison lui conf\u00e8re une puissance et une s\u00e9curit\u00e9 in\u00e9gal\u00e9es. Chaque particule de Firestorm<sup>MC<\/sup> est trait\u00e9e avec <span style=\"color: #f5333f;\"><strong>FS2000<sup>MC<\/sup><\/strong><\/span>, pour une vitesse maximale et une temp\u00e9rature de fonte la plus basse possible. Cela permet d\u2019\u00e9viter la recong\u00e9lation, m\u00eame dans des conditions difficiles.<\/p>\n","protected":false},"excerpt":{"rendered":"D\u2019une puissance et d\u2019une s\u00e9curit\u00e9 in\u00e9gal\u00e9es FIRESTORMMC est le seul m\u00e9lange de magn\u00e9sium, de sodium et d\u2019ur\u00e9e contenant le compos\u00e9 brevet\u00e9 FS2000MC. Cette combinaison lui conf\u00e8re une puissance et une s\u00e9curit\u00e9 in\u00e9gal\u00e9es. Chaque particule de FirestormMC est trait\u00e9e avec FS2000MC, pour une vitesse maximale et une temp\u00e9rature de fonte la plus basse possible. Cela permet&#8230; <a class=\"view-article\" href=\"https:\/\/nu-tec.com\/fr\/ice-melter\/firestorm\/\">Voir l&rsquo;article<\/a>","protected":false},"author":4,"featured_media":3414,"parent":3767,"menu_order":0,"comment_status":"closed","ping_status":"closed","template":"page-products.php","meta":{"_acf_changed":false,"_monsterinsights_skip_tracking":false,"_monsterinsights_sitenote_active":false,"_monsterinsights_sitenote_note":"","_monsterinsights_sitenote_category":0,"footnotes":""},"class_list":["post-3776","page","type-page","status-publish","has-post-thumbnail","hentry"],"acf":[],"_links":{"self":[{"href":"https:\/\/nu-tec.com\/fr\/wp-json\/wp\/v2\/pages\/3776","targetHints":{"allow":["GET"]}}],"collection":[{"href":"https:\/\/nu-tec.com\/fr\/wp-json\/wp\/v2\/pages"}],"about":[{"href":"https:\/\/nu-tec.com\/fr\/wp-json\/wp\/v2\/types\/page"}],"author":[{"embeddable":true,"href":"https:\/\/nu-tec.com\/fr\/wp-json\/wp\/v2\/users\/4"}],"replies":[{"embeddable":true,"href":"https:\/\/nu-tec.com\/fr\/wp-json\/wp\/v2\/comments?post=3776"}],"version-history":[{"count":9,"href":"https:\/\/nu-tec.com\/fr\/wp-json\/wp\/v2\/pages\/3776\/revisions"}],"predecessor-version":[{"id":3878,"href":"https:\/\/nu-tec.com\/fr\/wp-json\/wp\/v2\/pages\/3776\/revisions\/3878"}],"up":[{"embeddable":true,"href":"https:\/\/nu-tec.com\/fr\/wp-json\/wp\/v2\/pages\/3767"}],"wp:featuredmedia":[{"embeddable":true,"href":"https:\/\/nu-tec.com\/fr\/wp-json\/wp\/v2\/media\/3414"}],"wp:attachment":[{"href":"https:\/\/nu-tec.com\/fr\/wp-json\/wp\/v2\/media?parent=3776"}],"curies":[{"name":"wp","href":"https:\/\/api.w.org\/{rel}","templated":true}]}}