{"id":3779,"date":"2023-11-14T15:59:51","date_gmt":"2023-11-14T15:59:51","guid":{"rendered":"https:\/\/nu-tec.com\/ice-melter\/firestorm-free\/"},"modified":"2024-02-07T05:09:40","modified_gmt":"2024-02-07T05:09:40","slug":"firestorm-free","status":"publish","type":"page","link":"https:\/\/nu-tec.com\/fr\/ice-melter\/firestorm-free\/","title":{"rendered":"Firestorm Free"},"content":{"rendered":"<p><img loading=\"lazy\" decoding=\"async\" class=\"alignnone wp-image-3815\" src=\"https:\/\/nu-tec.com\/wp-content\/uploads\/2024\/02\/firestorm-free-logo-tm-tagline-800px-fr.png\" alt=\"\" width=\"499\" height=\"241\" srcset=\"https:\/\/nu-tec.com\/wp-content\/uploads\/2024\/02\/firestorm-free-logo-tm-tagline-800px-fr.png 800w, https:\/\/nu-tec.com\/wp-content\/uploads\/2024\/02\/firestorm-free-logo-tm-tagline-800px-fr-250x121.png 250w, https:\/\/nu-tec.com\/wp-content\/uploads\/2024\/02\/firestorm-free-logo-tm-tagline-800px-fr-700x338.png 700w, https:\/\/nu-tec.com\/wp-content\/uploads\/2024\/02\/firestorm-free-logo-tm-tagline-800px-fr-768x371.png 768w, https:\/\/nu-tec.com\/wp-content\/uploads\/2024\/02\/firestorm-free-logo-tm-tagline-800px-fr-120x58.png 120w\" sizes=\"auto, (max-width: 499px) 100vw, 499px\" \/><\/p>\n<h1><span style=\"color: #002b5c;\">Sans chlorures, ac\u00e9tates, ni nitrates, il est plus performant que l\u2019ACM et deux fois moins cher<\/span><\/h1>\n<p><strong><span style=\"color: #002b5c;\">Les fondants \u00e0 glace commerciaux ne sont pas tous aussi \u00e9cologiques qu\u2019ils en ont l\u2019air.<\/span><\/strong> Les granul\u00e9s d\u2019ac\u00e9tate de calcium et de magn\u00e9sium (ACM) sont g\u00e9n\u00e9ralement recommand\u00e9s, car ils sont efficaces et contribuent \u00e0 l\u2019obtention de points LEED\u00ae*. Mais l\u2019ACM est d\u2019un co\u00fbt prohibitif et n\u2019est pas aussi performant que les produits \u00e0 base de chlorure de premi\u00e8re qualit\u00e9.<\/p>\n","protected":false},"excerpt":{"rendered":"Sans chlorures, ac\u00e9tates, ni nitrates, il est plus performant que l\u2019ACM et deux fois moins cher Les fondants \u00e0 glace commerciaux ne sont pas tous aussi \u00e9cologiques qu\u2019ils en ont l\u2019air. Les granul\u00e9s d\u2019ac\u00e9tate de calcium et de magn\u00e9sium (ACM) sont g\u00e9n\u00e9ralement recommand\u00e9s, car ils sont efficaces et contribuent \u00e0 l\u2019obtention de points LEED\u00ae*. Mais&#8230; <a class=\"view-article\" href=\"https:\/\/nu-tec.com\/fr\/ice-melter\/firestorm-free\/\">Voir l&rsquo;article<\/a>","protected":false},"author":3,"featured_media":3441,"parent":3767,"menu_order":0,"comment_status":"closed","ping_status":"closed","template":"page-products.php","meta":{"_acf_changed":false,"_monsterinsights_skip_tracking":false,"_monsterinsights_sitenote_active":false,"_monsterinsights_sitenote_note":"","_monsterinsights_sitenote_category":0,"footnotes":""},"class_list":["post-3779","page","type-page","status-publish","has-post-thumbnail","hentry"],"acf":[],"_links":{"self":[{"href":"https:\/\/nu-tec.com\/fr\/wp-json\/wp\/v2\/pages\/3779","targetHints":{"allow":["GET"]}}],"collection":[{"href":"https:\/\/nu-tec.com\/fr\/wp-json\/wp\/v2\/pages"}],"about":[{"href":"https:\/\/nu-tec.com\/fr\/wp-json\/wp\/v2\/types\/page"}],"author":[{"embeddable":true,"href":"https:\/\/nu-tec.com\/fr\/wp-json\/wp\/v2\/users\/3"}],"replies":[{"embeddable":true,"href":"https:\/\/nu-tec.com\/fr\/wp-json\/wp\/v2\/comments?post=3779"}],"version-history":[{"count":15,"href":"https:\/\/nu-tec.com\/fr\/wp-json\/wp\/v2\/pages\/3779\/revisions"}],"predecessor-version":[{"id":3908,"href":"https:\/\/nu-tec.com\/fr\/wp-json\/wp\/v2\/pages\/3779\/revisions\/3908"}],"up":[{"embeddable":true,"href":"https:\/\/nu-tec.com\/fr\/wp-json\/wp\/v2\/pages\/3767"}],"wp:featuredmedia":[{"embeddable":true,"href":"https:\/\/nu-tec.com\/fr\/wp-json\/wp\/v2\/media\/3441"}],"wp:attachment":[{"href":"https:\/\/nu-tec.com\/fr\/wp-json\/wp\/v2\/media?parent=3779"}],"curies":[{"name":"wp","href":"https:\/\/api.w.org\/{rel}","templated":true}]}}