{"id":3789,"date":"2023-11-14T15:53:54","date_gmt":"2023-11-14T15:53:54","guid":{"rendered":"https:\/\/nu-tec.com\/ice-melter\/natural-choice\/"},"modified":"2024-02-07T05:10:26","modified_gmt":"2024-02-07T05:10:26","slug":"natural-choice","status":"publish","type":"page","link":"https:\/\/nu-tec.com\/fr\/ice-melter\/natural-choice\/","title":{"rendered":"Natural Choice"},"content":{"rendered":"<p><img loading=\"lazy\" decoding=\"async\" class=\"alignnone wp-image-3825\" src=\"https:\/\/nu-tec.com\/wp-content\/uploads\/2024\/02\/natural-choice-logo-tm-tagline-1000px-fr.png\" alt=\"\" width=\"502\" height=\"105\" srcset=\"https:\/\/nu-tec.com\/wp-content\/uploads\/2024\/02\/natural-choice-logo-tm-tagline-1000px-fr.png 1000w, https:\/\/nu-tec.com\/wp-content\/uploads\/2024\/02\/natural-choice-logo-tm-tagline-1000px-fr-250x52.png 250w, https:\/\/nu-tec.com\/wp-content\/uploads\/2024\/02\/natural-choice-logo-tm-tagline-1000px-fr-700x146.png 700w, https:\/\/nu-tec.com\/wp-content\/uploads\/2024\/02\/natural-choice-logo-tm-tagline-1000px-fr-768x161.png 768w, https:\/\/nu-tec.com\/wp-content\/uploads\/2024\/02\/natural-choice-logo-tm-tagline-1000px-fr-120x25.png 120w\" sizes=\"auto, (max-width: 502px) 100vw, 502px\" \/><\/p>\n<h1><span style=\"color: #006742;\">La solution de rechange naturelle aux produits de fonte de glace ordinaires<\/span><\/h1>\n<p><span style=\"color: #006742;\"><strong>Natural Choice<sup>MC<\/sup><\/strong><\/span> est la solution de rechange enti\u00e8rement naturelle aux produits de fonte de glace ordinaires. Il offre des performances optimales tout en minimisant l\u2019impact sur la v\u00e9g\u00e9tation environnante.<\/p>\n<p>Notre additif organique unique enrobe chaque particule, am\u00e9liorant ainsi les performances pour permettre \u00e0 <span style=\"color: #006742;\"><strong>Natural Choice<\/strong><\/span> de faire fondre la neige et la glace plus rapidement et \u00e0 des temp\u00e9ratures plus basses. Il agit \u00e9galement comme un inhibiteur de corrosion, de sorte que <span style=\"color: #006742;\"><strong>Natural Choice<\/strong><\/span> renforce la s\u00e9curit\u00e9 des pi\u00e9tons et r\u00e9duit la fatigue des m\u00e9taux.<\/p>\n","protected":false},"excerpt":{"rendered":"La solution de rechange naturelle aux produits de fonte de glace ordinaires Natural ChoiceMC est la solution de rechange enti\u00e8rement naturelle aux produits de fonte de glace ordinaires. Il offre des performances optimales tout en minimisant l\u2019impact sur la v\u00e9g\u00e9tation environnante. Notre additif organique unique enrobe chaque particule, am\u00e9liorant ainsi les performances pour permettre \u00e0&#8230; <a class=\"view-article\" href=\"https:\/\/nu-tec.com\/fr\/ice-melter\/natural-choice\/\">Voir l&rsquo;article<\/a>","protected":false},"author":3,"featured_media":3405,"parent":3767,"menu_order":0,"comment_status":"closed","ping_status":"closed","template":"page-products.php","meta":{"_acf_changed":false,"_monsterinsights_skip_tracking":false,"_monsterinsights_sitenote_active":false,"_monsterinsights_sitenote_note":"","_monsterinsights_sitenote_category":0,"footnotes":""},"class_list":["post-3789","page","type-page","status-publish","has-post-thumbnail","hentry"],"acf":[],"_links":{"self":[{"href":"https:\/\/nu-tec.com\/fr\/wp-json\/wp\/v2\/pages\/3789","targetHints":{"allow":["GET"]}}],"collection":[{"href":"https:\/\/nu-tec.com\/fr\/wp-json\/wp\/v2\/pages"}],"about":[{"href":"https:\/\/nu-tec.com\/fr\/wp-json\/wp\/v2\/types\/page"}],"author":[{"embeddable":true,"href":"https:\/\/nu-tec.com\/fr\/wp-json\/wp\/v2\/users\/3"}],"replies":[{"embeddable":true,"href":"https:\/\/nu-tec.com\/fr\/wp-json\/wp\/v2\/comments?post=3789"}],"version-history":[{"count":5,"href":"https:\/\/nu-tec.com\/fr\/wp-json\/wp\/v2\/pages\/3789\/revisions"}],"predecessor-version":[{"id":3881,"href":"https:\/\/nu-tec.com\/fr\/wp-json\/wp\/v2\/pages\/3789\/revisions\/3881"}],"up":[{"embeddable":true,"href":"https:\/\/nu-tec.com\/fr\/wp-json\/wp\/v2\/pages\/3767"}],"wp:featuredmedia":[{"embeddable":true,"href":"https:\/\/nu-tec.com\/fr\/wp-json\/wp\/v2\/media\/3405"}],"wp:attachment":[{"href":"https:\/\/nu-tec.com\/fr\/wp-json\/wp\/v2\/media?parent=3789"}],"curies":[{"name":"wp","href":"https:\/\/api.w.org\/{rel}","templated":true}]}}