{"id":969,"date":"2018-02-28T02:09:58","date_gmt":"2018-02-28T02:09:58","guid":{"rendered":"https:\/\/nu-tec.com\/about-french\/mission-vision\/"},"modified":"2019-02-06T20:06:24","modified_gmt":"2019-02-06T20:06:24","slug":"mission-vision","status":"publish","type":"page","link":"https:\/\/nu-tec.com\/fr\/about-french\/mission-vision\/","title":{"rendered":"Mission\/Vision"},"content":{"rendered":"<h2>Notre vision\u00a0:<\/h2>\n<p>Notre <strong>vision<\/strong>, c\u2019est d\u2019\u00eatre le partenaire \u00e0 privil\u00e9gier pour la fabrication de produits sp\u00e9cialis\u00e9s dans les secteurs du gazon, de l\u2019horticulture et de la lutte antiparasitaire.<\/p>\n<h2>Notre mission\u00a0:<\/h2>\n<p>Notre <strong>mission<\/strong>, c\u2019est de faire en sorte que les produits soient de la plus haute qualit\u00e9 gr\u00e2ce \u00e0 un vaste programme d\u2019assurance qualit\u00e9 et un personnel hautement qualifi\u00e9 et exp\u00e9riment\u00e9.<\/p>\n","protected":false},"excerpt":{"rendered":"Notre vision\u00a0: Notre vision, c\u2019est d\u2019\u00eatre le partenaire \u00e0 privil\u00e9gier pour la fabrication de produits sp\u00e9cialis\u00e9s dans les secteurs du gazon, de l\u2019horticulture et de la lutte antiparasitaire. Notre mission\u00a0: Notre mission, c\u2019est de faire en sorte que les produits soient de la plus haute qualit\u00e9 gr\u00e2ce \u00e0 un vaste programme d\u2019assurance qualit\u00e9 et un&#8230; <a class=\"view-article\" href=\"https:\/\/nu-tec.com\/fr\/about-french\/mission-vision\/\">Voir l&rsquo;article<\/a>","protected":false},"author":3,"featured_media":529,"parent":13,"menu_order":0,"comment_status":"closed","ping_status":"closed","template":"page-main.php","meta":{"_acf_changed":false,"_monsterinsights_skip_tracking":false,"_monsterinsights_sitenote_active":false,"_monsterinsights_sitenote_note":"","_monsterinsights_sitenote_category":0,"footnotes":""},"class_list":["post-969","page","type-page","status-publish","has-post-thumbnail","hentry"],"acf":[],"_links":{"self":[{"href":"https:\/\/nu-tec.com\/fr\/wp-json\/wp\/v2\/pages\/969","targetHints":{"allow":["GET"]}}],"collection":[{"href":"https:\/\/nu-tec.com\/fr\/wp-json\/wp\/v2\/pages"}],"about":[{"href":"https:\/\/nu-tec.com\/fr\/wp-json\/wp\/v2\/types\/page"}],"author":[{"embeddable":true,"href":"https:\/\/nu-tec.com\/fr\/wp-json\/wp\/v2\/users\/3"}],"replies":[{"embeddable":true,"href":"https:\/\/nu-tec.com\/fr\/wp-json\/wp\/v2\/comments?post=969"}],"version-history":[{"count":2,"href":"https:\/\/nu-tec.com\/fr\/wp-json\/wp\/v2\/pages\/969\/revisions"}],"predecessor-version":[{"id":1220,"href":"https:\/\/nu-tec.com\/fr\/wp-json\/wp\/v2\/pages\/969\/revisions\/1220"}],"up":[{"embeddable":true,"href":"https:\/\/nu-tec.com\/fr\/wp-json\/wp\/v2\/pages\/13"}],"wp:featuredmedia":[{"embeddable":true,"href":"https:\/\/nu-tec.com\/fr\/wp-json\/wp\/v2\/media\/529"}],"wp:attachment":[{"href":"https:\/\/nu-tec.com\/fr\/wp-json\/wp\/v2\/media?parent=969"}],"curies":[{"name":"wp","href":"https:\/\/api.w.org\/{rel}","templated":true}]}}