{"id":975,"date":"2018-02-28T02:20:22","date_gmt":"2018-02-28T02:20:22","guid":{"rendered":"https:\/\/nu-tec.com\/horticulture\/prolong\/"},"modified":"2022-06-14T14:04:38","modified_gmt":"2022-06-14T14:04:38","slug":"prolong","status":"publish","type":"page","link":"https:\/\/nu-tec.com\/fr\/horticulture\/prolong\/","title":{"rendered":"ProLong"},"content":{"rendered":"<div class=\"productHead ltGreenBox\">\n<p><strong>Bienvenue \u00e0 la page de ProLong\u00ae<\/strong><\/p>\n<p>Nous comprenons l&rsquo;importance d&rsquo;une performance et d&rsquo;une qualit\u00e9 constantes et fiables, c&rsquo;est pourquoi la marque ProLong\u00ae propose des recettes exclusives qui fournissent la performance de la courbe de lib\u00e9ration exig\u00e9e par les producteurs horticoles d&rsquo;aujourd&rsquo;hui.<\/p>\n<p>La performance de haute qualit\u00e9 de nos m\u00e9langes repose sur la marque technologique <a href=\"https:\/\/www.haifa-group.com\/controlled-release-fertilizer\">Multicote&#x2122;<\/a>. <a href=\"https:\/\/www.haifa-group.com\/controlled-release-fertilizer\">Multicote&#x2122;<\/a> offre un programme nutritionnel complet et soigneusement \u00e9quilibr\u00e9 qui commence d\u00e8s la phase de propagation initiale et se poursuit \u00e0 travers toutes les \u00e9tapes de croissance, aidant \u00e0 pr\u00e9venir les p\u00e9nuries nutritionnelles ou les exc\u00e9dents qui peuvent affecter la croissance et la sant\u00e9 des plantes.<\/p>\n<\/div>\n","protected":false},"excerpt":{"rendered":"Bienvenue \u00e0 la page de ProLong\u00ae Nous comprenons l&rsquo;importance d&rsquo;une performance et d&rsquo;une qualit\u00e9 constantes et fiables, c&rsquo;est pourquoi la marque ProLong\u00ae propose des recettes exclusives qui fournissent la performance de la courbe de lib\u00e9ration exig\u00e9e par les producteurs horticoles d&rsquo;aujourd&rsquo;hui. La performance de haute qualit\u00e9 de nos m\u00e9langes repose sur la marque technologique Multicote&#x2122;&#8230;. <a class=\"view-article\" href=\"https:\/\/nu-tec.com\/fr\/horticulture\/prolong\/\">Voir l&rsquo;article<\/a>","protected":false},"author":3,"featured_media":1303,"parent":971,"menu_order":0,"comment_status":"closed","ping_status":"closed","template":"page-products.php","meta":{"_acf_changed":false,"_monsterinsights_skip_tracking":false,"_monsterinsights_sitenote_active":false,"_monsterinsights_sitenote_note":"","_monsterinsights_sitenote_category":0,"footnotes":""},"class_list":["post-975","page","type-page","status-publish","has-post-thumbnail","hentry"],"acf":[],"_links":{"self":[{"href":"https:\/\/nu-tec.com\/fr\/wp-json\/wp\/v2\/pages\/975","targetHints":{"allow":["GET"]}}],"collection":[{"href":"https:\/\/nu-tec.com\/fr\/wp-json\/wp\/v2\/pages"}],"about":[{"href":"https:\/\/nu-tec.com\/fr\/wp-json\/wp\/v2\/types\/page"}],"author":[{"embeddable":true,"href":"https:\/\/nu-tec.com\/fr\/wp-json\/wp\/v2\/users\/3"}],"replies":[{"embeddable":true,"href":"https:\/\/nu-tec.com\/fr\/wp-json\/wp\/v2\/comments?post=975"}],"version-history":[{"count":14,"href":"https:\/\/nu-tec.com\/fr\/wp-json\/wp\/v2\/pages\/975\/revisions"}],"predecessor-version":[{"id":2335,"href":"https:\/\/nu-tec.com\/fr\/wp-json\/wp\/v2\/pages\/975\/revisions\/2335"}],"up":[{"embeddable":true,"href":"https:\/\/nu-tec.com\/fr\/wp-json\/wp\/v2\/pages\/971"}],"wp:featuredmedia":[{"embeddable":true,"href":"https:\/\/nu-tec.com\/fr\/wp-json\/wp\/v2\/media\/1303"}],"wp:attachment":[{"href":"https:\/\/nu-tec.com\/fr\/wp-json\/wp\/v2\/media?parent=975"}],"curies":[{"name":"wp","href":"https:\/\/api.w.org\/{rel}","templated":true}]}}