{"id":985,"date":"2018-02-28T02:21:11","date_gmt":"2018-02-28T02:21:11","guid":{"rendered":"https:\/\/nu-tec.com\/horticulture\/polyon\/"},"modified":"2019-04-03T20:39:27","modified_gmt":"2019-04-03T20:39:27","slug":"polyon","status":"publish","type":"page","link":"https:\/\/nu-tec.com\/fr\/horticulture\/polyon\/","title":{"rendered":"Polyon"},"content":{"rendered":"<div class=\"productHead tealBox\">L\u2019engrais \u00e0 lib\u00e9ration contr\u00f4l\u00e9e <strong>POLYON\u00ae<\/strong>, avec sa couleur verte de marque, est soutenu par des ann\u00e9es de recherche, et il est le chef de file des march\u00e9s du gazon et des plantes ornementales depuis des d\u00e9cennies. La cl\u00e9 de son rendement, c\u2019est la technologie de l\u2019enrobage par couches r\u00e9actives, qui permet aux \u00e9l\u00e9ments nutritifs de se lib\u00e9rer par diffusion, selon la temp\u00e9rature du sol et l\u2019\u00e9paisseur de l\u2019enrobage.<\/div>\n<p><img loading=\"lazy\" decoding=\"async\" class=\"alignnone wp-image-1283 size-full\" src=\"https:\/\/nu-tec.com\/wp-content\/uploads\/2019\/02\/polyonLayersFr.png\" alt=\"\" width=\"2000\" height=\"702\" \/><\/p>\n<h2>Comment \u00e7a marche<\/h2>\n<div class=\"clearDiv\"><\/div>\n<div class=\"prodQuarters\"><img loading=\"lazy\" decoding=\"async\" class=\"alignnone wp-image-1294 size-full\" src=\"https:\/\/nu-tec.com\/wp-content\/uploads\/2019\/02\/polyon01Fr.jpg\" alt=\"\" width=\"340\" height=\"400\" srcset=\"https:\/\/nu-tec.com\/wp-content\/uploads\/2019\/02\/polyon01Fr.jpg 340w, https:\/\/nu-tec.com\/wp-content\/uploads\/2019\/02\/polyon01Fr-250x294.jpg 250w, https:\/\/nu-tec.com\/wp-content\/uploads\/2019\/02\/polyon01Fr-120x141.jpg 120w\" sizes=\"auto, (max-width: 340px) 100vw, 340px\" \/><br \/>\nMoins d\u2019une semaine apr\u00e8s l\u2019application, l\u2019humidit\u00e9 du sol p\u00e9n\u00e8tre dans l\u2019enrobage de polym\u00e8re par osmose.<\/div>\n<div class=\"prodQuarters\"><img loading=\"lazy\" decoding=\"async\" width=\"340\" height=\"400\" class=\"alignnone size-full wp-image-244\" src=\"https:\/\/nu-tec.com\/wp-content\/uploads\/2018\/04\/polyon02-1.png\" alt=\"\" srcset=\"https:\/\/nu-tec.com\/wp-content\/uploads\/2018\/04\/polyon02-1.png 340w, https:\/\/nu-tec.com\/wp-content\/uploads\/2018\/04\/polyon02-1-250x294.png 250w, https:\/\/nu-tec.com\/wp-content\/uploads\/2018\/04\/polyon02-1-120x141.png 120w\" sizes=\"auto, (max-width: 340px) 100vw, 340px\" \/><br \/>\nLes \u00e9l\u00e9ments nutritifs encapsul\u00e9s se dissolvent, mais ne se lib\u00e8rent pas.<\/div>\n<div class=\"prodQuarters\"><img loading=\"lazy\" decoding=\"async\" width=\"340\" height=\"400\" class=\"alignnone size-full wp-image-242\" src=\"https:\/\/nu-tec.com\/wp-content\/uploads\/2018\/04\/polyon03-1.png\" alt=\"\" srcset=\"https:\/\/nu-tec.com\/wp-content\/uploads\/2018\/04\/polyon03-1.png 340w, https:\/\/nu-tec.com\/wp-content\/uploads\/2018\/04\/polyon03-1-250x294.png 250w, https:\/\/nu-tec.com\/wp-content\/uploads\/2018\/04\/polyon03-1-120x141.png 120w\" sizes=\"auto, (max-width: 340px) 100vw, 340px\" \/><br \/>\nAvec le temps, les \u00e9l\u00e9ments nutritifs dissous se lib\u00e8rent lentement par diffusion, en fonction de la temp\u00e9rature et de l\u2019\u00e9paisseur de l\u2019enrobage.<\/div>\n<div class=\"prodQuarters\"><img loading=\"lazy\" decoding=\"async\" width=\"340\" height=\"400\" class=\"alignnone size-full wp-image-240\" src=\"https:\/\/nu-tec.com\/wp-content\/uploads\/2018\/04\/polyon04-1.png\" alt=\"\" srcset=\"https:\/\/nu-tec.com\/wp-content\/uploads\/2018\/04\/polyon04-1.png 340w, https:\/\/nu-tec.com\/wp-content\/uploads\/2018\/04\/polyon04-1-250x294.png 250w, https:\/\/nu-tec.com\/wp-content\/uploads\/2018\/04\/polyon04-1-120x141.png 120w\" sizes=\"auto, (max-width: 340px) 100vw, 340px\" \/><br \/>\nApr\u00e8s lib\u00e9ration compl\u00e8te des \u00e9l\u00e9ments nutritifs, l\u2019enrobage de polym\u00e8re finit par se d\u00e9composer en \u00e9l\u00e9ments naturels sous l\u2019action des microbes.<\/div>\n","protected":false},"excerpt":{"rendered":"L\u2019engrais \u00e0 lib\u00e9ration contr\u00f4l\u00e9e POLYON\u00ae, avec sa couleur verte de marque, est soutenu par des ann\u00e9es de recherche, et il est le chef de file des march\u00e9s du gazon et des plantes ornementales depuis des d\u00e9cennies. La cl\u00e9 de son rendement, c\u2019est la technologie de l\u2019enrobage par couches r\u00e9actives, qui permet aux \u00e9l\u00e9ments nutritifs de&#8230; <a class=\"view-article\" href=\"https:\/\/nu-tec.com\/fr\/horticulture\/polyon\/\">Voir l&rsquo;article<\/a>","protected":false},"author":3,"featured_media":1305,"parent":971,"menu_order":0,"comment_status":"closed","ping_status":"closed","template":"page-products.php","meta":{"_acf_changed":false,"_monsterinsights_skip_tracking":false,"_monsterinsights_sitenote_active":false,"_monsterinsights_sitenote_note":"","_monsterinsights_sitenote_category":0,"footnotes":""},"class_list":["post-985","page","type-page","status-publish","has-post-thumbnail","hentry"],"acf":[],"_links":{"self":[{"href":"https:\/\/nu-tec.com\/fr\/wp-json\/wp\/v2\/pages\/985","targetHints":{"allow":["GET"]}}],"collection":[{"href":"https:\/\/nu-tec.com\/fr\/wp-json\/wp\/v2\/pages"}],"about":[{"href":"https:\/\/nu-tec.com\/fr\/wp-json\/wp\/v2\/types\/page"}],"author":[{"embeddable":true,"href":"https:\/\/nu-tec.com\/fr\/wp-json\/wp\/v2\/users\/3"}],"replies":[{"embeddable":true,"href":"https:\/\/nu-tec.com\/fr\/wp-json\/wp\/v2\/comments?post=985"}],"version-history":[{"count":17,"href":"https:\/\/nu-tec.com\/fr\/wp-json\/wp\/v2\/pages\/985\/revisions"}],"predecessor-version":[{"id":1532,"href":"https:\/\/nu-tec.com\/fr\/wp-json\/wp\/v2\/pages\/985\/revisions\/1532"}],"up":[{"embeddable":true,"href":"https:\/\/nu-tec.com\/fr\/wp-json\/wp\/v2\/pages\/971"}],"wp:featuredmedia":[{"embeddable":true,"href":"https:\/\/nu-tec.com\/fr\/wp-json\/wp\/v2\/media\/1305"}],"wp:attachment":[{"href":"https:\/\/nu-tec.com\/fr\/wp-json\/wp\/v2\/media?parent=985"}],"curies":[{"name":"wp","href":"https:\/\/api.w.org\/{rel}","templated":true}]}}