{"id":993,"date":"2018-02-24T17:06:29","date_gmt":"2018-02-24T17:06:29","guid":{"rendered":"https:\/\/nu-tec.com\/turf\/"},"modified":"2022-06-20T19:33:28","modified_gmt":"2022-06-20T19:33:28","slug":"turf","status":"publish","type":"page","link":"https:\/\/nu-tec.com\/fr\/turf\/","title":{"rendered":"GAZON"},"content":{"rendered":"<h2>Bienvenue \u00e0 la page des marques pour le gazon professionnel<\/h2>\n<div class=\"productHead ltGreenBox\">\n<p>Nous esp\u00e9rons que votre visite sera agr\u00e9able. Le but premier de cette page est de permettre aux professionnels du gazon d\u2019avoir acc\u00e8s \u00e0 des renseignements d\u00e9taill\u00e9s sur les marques technologiques d\u2019engrais de qualit\u00e9 sup\u00e9rieure de Nu-Tec Specialty Products.<\/p>\n<p>Vous pouvez explorer nos divers <strong>engrais \u00e0 lib\u00e9ration lente<\/strong> et en consulter les fiches technicocommerciales et les fiches de donn\u00e9es de s\u00e9curit\u00e9.<\/p>\n<p>Nu-Tec offre aux professionnels du gazon des marques de qualit\u00e9 sup\u00e9rieure dont TTRU<sup><small>MC<\/small><\/sup>, Duration\u00ae, XCU\u00ae, Nutralene\u00ae et Nitroform\u00ae.<\/p>\n<\/div>\n<div class=\"clearDiv\"><\/div>\n<div class=\"prodThirds\">\n<p><a href=\"https:\/\/nu-tec.com\/wp-content\/uploads\/2022\/06\/TTRU_logo_online.png\"><img loading=\"lazy\" decoding=\"async\" class=\"alignnone wp-image-2250\" src=\"https:\/\/nu-tec.com\/wp-content\/uploads\/2022\/06\/TTRU_logo_online.png\" alt=\"\" width=\"175\" height=\"84\" srcset=\"https:\/\/nu-tec.com\/wp-content\/uploads\/2022\/06\/TTRU_logo_online.png 1223w, https:\/\/nu-tec.com\/wp-content\/uploads\/2022\/06\/TTRU_logo_online-250x120.png 250w, https:\/\/nu-tec.com\/wp-content\/uploads\/2022\/06\/TTRU_logo_online-700x337.png 700w, https:\/\/nu-tec.com\/wp-content\/uploads\/2022\/06\/TTRU_logo_online-768x369.png 768w, https:\/\/nu-tec.com\/wp-content\/uploads\/2022\/06\/TTRU_logo_online-120x58.png 120w\" sizes=\"auto, (max-width: 175px) 100vw, 175px\" \/><\/a><br \/>\n<strong>TTRU &#x2122;<\/strong> est une technologie \u00e0 lib\u00e9ration contr\u00f4l\u00e9e qui fournit une lib\u00e9ration fiable et progressive d&rsquo;azote pour une nutrition prolong\u00e9e et un gazon coh\u00e9rent, dynamique et sain.<\/p>\n<p><a class=\"readMore\" href=\"\/fr\/turf\/ttru\/\">LIRE LA SUITE<\/a><\/p>\n<\/div>\n<div class=\"prodThirds\">\n<p><a href=\"https:\/\/nu-tec.com\/wp-content\/uploads\/2022\/06\/Logo-DURATION-JPEG-e1654801053966.jpg\"><img loading=\"lazy\" decoding=\"async\" class=\"alignnone wp-image-2188\" src=\"https:\/\/nu-tec.com\/wp-content\/uploads\/2022\/06\/Logo-DURATION-JPEG.jpg\" alt=\"\" width=\"1618\" height=\"550\" \/><\/a><\/p>\n<p><strong>Duration CR\u00ae<\/strong> provided a consist metering of nutrient that can last for weeks, even months, with fewer applications.<\/p>\n<p><a class=\"readMore\" href=\"\/fr\/turf\/duration-cr\/\">LIRE LA SUITE<\/a><\/p>\n<\/div>\n<div class=\"prodThirds\">\n<p><a href=\"\/fr\/turf\/xcu\/\"><img loading=\"lazy\" decoding=\"async\" class=\"alignnone wp-image-1317 size-full\" src=\"https:\/\/nu-tec.com\/wp-content\/uploads\/2019\/02\/xculogoFr.jpg\" alt=\"\" width=\"872\" height=\"343\" srcset=\"https:\/\/nu-tec.com\/wp-content\/uploads\/2019\/02\/xculogoFr.jpg 872w, https:\/\/nu-tec.com\/wp-content\/uploads\/2019\/02\/xculogoFr-250x98.jpg 250w, https:\/\/nu-tec.com\/wp-content\/uploads\/2019\/02\/xculogoFr-768x302.jpg 768w, https:\/\/nu-tec.com\/wp-content\/uploads\/2019\/02\/xculogoFr-700x275.jpg 700w, https:\/\/nu-tec.com\/wp-content\/uploads\/2019\/02\/xculogoFr-120x47.jpg 120w\" sizes=\"auto, (max-width: 872px) 100vw, 872px\" \/><\/a><br \/>\nL\u2019engrais \u00e0 lib\u00e9ration lente <strong>XCU\u00ae<\/strong> assure une assimilation progressive et constante des \u00e9l\u00e9ments nutritifs pendant pr\u00e8s de 10 semaines.<\/p>\n<p><a class=\"readMore\" href=\"\/fr\/turf\/xcu\/\">LIRE LA SUITE<\/a><\/p>\n<\/div>\n<div class=\"prodThirds\">\n<p><a href=\"\/fr\/turf\/nutralene\/\"><img loading=\"lazy\" decoding=\"async\" class=\"alignnone wp-image-1312 size-full\" src=\"https:\/\/nu-tec.com\/wp-content\/uploads\/2019\/02\/nutraleneLogoFr.jpg\" alt=\"\" width=\"872\" height=\"343\" srcset=\"https:\/\/nu-tec.com\/wp-content\/uploads\/2019\/02\/nutraleneLogoFr.jpg 872w, https:\/\/nu-tec.com\/wp-content\/uploads\/2019\/02\/nutraleneLogoFr-250x98.jpg 250w, https:\/\/nu-tec.com\/wp-content\/uploads\/2019\/02\/nutraleneLogoFr-768x302.jpg 768w, https:\/\/nu-tec.com\/wp-content\/uploads\/2019\/02\/nutraleneLogoFr-700x275.jpg 700w, https:\/\/nu-tec.com\/wp-content\/uploads\/2019\/02\/nutraleneLogoFr-120x47.jpg 120w\" sizes=\"auto, (max-width: 872px) 100vw, 872px\" \/><\/a><br \/>\nL\u2019engrais \u00e0 lib\u00e9ration lente <strong>NUTRALENE\u00ae<\/strong> est une source de m\u00e9thyl\u00e8ne-ur\u00e9e (MU) dont l\u2019analyse garantie est de 40-0-0.<\/p>\n<p><a class=\"readMore\" href=\"\/fr\/turf\/nutralene\/\">LIRE LA SUITE<\/a><\/p>\n<\/div>\n<div class=\"prodThirds\">\n<p><a href=\"\/fr\/turf\/nitroform\/\"><img loading=\"lazy\" decoding=\"async\" class=\"alignnone wp-image-1314 size-full\" src=\"https:\/\/nu-tec.com\/wp-content\/uploads\/2019\/02\/nitroformLogoFr.jpg\" alt=\"\" width=\"872\" height=\"343\" srcset=\"https:\/\/nu-tec.com\/wp-content\/uploads\/2019\/02\/nitroformLogoFr.jpg 872w, https:\/\/nu-tec.com\/wp-content\/uploads\/2019\/02\/nitroformLogoFr-250x98.jpg 250w, https:\/\/nu-tec.com\/wp-content\/uploads\/2019\/02\/nitroformLogoFr-768x302.jpg 768w, https:\/\/nu-tec.com\/wp-content\/uploads\/2019\/02\/nitroformLogoFr-700x275.jpg 700w, https:\/\/nu-tec.com\/wp-content\/uploads\/2019\/02\/nitroformLogoFr-120x47.jpg 120w\" sizes=\"auto, (max-width: 872px) 100vw, 872px\" \/><\/a><br \/>\nL\u2019engrais \u00e0 base d\u2019ur\u00e9e-formol (UF) \u00e0 lib\u00e9ration lente <strong>NITROFORM\u00ae<\/strong> constitue une source d\u2019azote (N) constante, \u00e9quilibr\u00e9e et fiable pendant 22 semaines ou plus.<\/p>\n<p><a class=\"readMore\" href=\"\/fr\/turf\/nitroform\/\">LIRE LA SUITE<\/a><\/p>\n<\/div>\n<p>&nbsp;<\/p>\n<p>&nbsp;<\/p>\n<div class=\"prodThirds\">\n<p><img loading=\"lazy\" decoding=\"async\" class=\"alignnone wp-image-2367 size-full\" src=\"https:\/\/nu-tec.com\/wp-content\/uploads\/2022\/06\/STABILIZED-NITROGEN-FERTILIZER-Hi-res-ORIGINAL-Darker-Blue-French.png\" alt=\"\" width=\"424\" height=\"117\" srcset=\"https:\/\/nu-tec.com\/wp-content\/uploads\/2022\/06\/STABILIZED-NITROGEN-FERTILIZER-Hi-res-ORIGINAL-Darker-Blue-French.png 424w, https:\/\/nu-tec.com\/wp-content\/uploads\/2022\/06\/STABILIZED-NITROGEN-FERTILIZER-Hi-res-ORIGINAL-Darker-Blue-French-250x69.png 250w, https:\/\/nu-tec.com\/wp-content\/uploads\/2022\/06\/STABILIZED-NITROGEN-FERTILIZER-Hi-res-ORIGINAL-Darker-Blue-French-120x33.png 120w\" sizes=\"auto, (max-width: 424px) 100vw, 424px\" \/><\/p>\n<p><strong>L&rsquo;azote stabilis\u00e9<\/strong> de Nu-Tec est sp\u00e9cialement formul\u00e9 pour le march\u00e9 professionnel du gazon.<\/p>\n<p><a class=\"readMore\" href=\"\/fr\/turf\/retention\/\">LIRE LA SUITE<\/a><\/p>\n<\/div>\n<div class=\"prodThirds\">\n<p><img loading=\"lazy\" decoding=\"async\" class=\"alignnone wp-image-2361 size-full\" src=\"https:\/\/nu-tec.com\/wp-content\/uploads\/2022\/06\/Generic-MU-Logo_Hi-res-GREEN-TM-upper-right-hand-corner-French.png\" alt=\"\" width=\"425\" height=\"120\" srcset=\"https:\/\/nu-tec.com\/wp-content\/uploads\/2022\/06\/Generic-MU-Logo_Hi-res-GREEN-TM-upper-right-hand-corner-French.png 425w, https:\/\/nu-tec.com\/wp-content\/uploads\/2022\/06\/Generic-MU-Logo_Hi-res-GREEN-TM-upper-right-hand-corner-French-250x71.png 250w, https:\/\/nu-tec.com\/wp-content\/uploads\/2022\/06\/Generic-MU-Logo_Hi-res-GREEN-TM-upper-right-hand-corner-French-120x34.png 120w\" sizes=\"auto, (max-width: 425px) 100vw, 425px\" \/><\/p>\n<p><strong>Le MU<\/strong> de Nu-Tec est un engrais m\u00e9thyl\u00e8ne-ur\u00e9e de premi\u00e8re qualit\u00e9 \u00e0 lib\u00e9ration lente qui fournit une source d&rsquo;azote stable, pr\u00e9visible et durable.<\/p>\n<p><a class=\"readMore\" href=\"\/fr\/turf\/xtension-mu\/\">LIRE LA SUITE<\/a><\/p>\n<\/div>\n<div class=\"prodThirds\">\n<p><img loading=\"lazy\" decoding=\"async\" class=\"alignnone wp-image-2363 size-full\" src=\"https:\/\/nu-tec.com\/wp-content\/uploads\/2022\/06\/Generic-UF-Logo_Hi-res-BLUE-TM-upper-right-hand-corner-French.png\" alt=\"\" width=\"425\" height=\"120\" srcset=\"https:\/\/nu-tec.com\/wp-content\/uploads\/2022\/06\/Generic-UF-Logo_Hi-res-BLUE-TM-upper-right-hand-corner-French.png 425w, https:\/\/nu-tec.com\/wp-content\/uploads\/2022\/06\/Generic-UF-Logo_Hi-res-BLUE-TM-upper-right-hand-corner-French-250x71.png 250w, https:\/\/nu-tec.com\/wp-content\/uploads\/2022\/06\/Generic-UF-Logo_Hi-res-BLUE-TM-upper-right-hand-corner-French-120x34.png 120w\" sizes=\"auto, (max-width: 425px) 100vw, 425px\" \/><\/p>\n<p><strong>L&rsquo;UF<\/strong> de Nu-Tec est un engrais de qualit\u00e9 sup\u00e9rieure sous forme d&rsquo;ur\u00e9e \u00e0 lib\u00e9ration lente qui fournit une source d&rsquo;azote stable, \u00e9quilibr\u00e9e et fiable.<\/p>\n<p><a class=\"readMore\" href=\"\/fr\/turf\/xtension-uf\/\">LIRE LA SUITE<\/a><\/p>\n<\/div>\n","protected":false},"excerpt":{"rendered":"Bienvenue \u00e0 la page des marques pour le gazon professionnel Nous esp\u00e9rons que votre visite sera agr\u00e9able. Le but premier de cette page est de permettre aux professionnels du gazon d\u2019avoir acc\u00e8s \u00e0 des renseignements d\u00e9taill\u00e9s sur les marques technologiques d\u2019engrais de qualit\u00e9 sup\u00e9rieure de Nu-Tec Specialty Products. Vous pouvez explorer nos divers engrais \u00e0&#8230; <a class=\"view-article\" href=\"https:\/\/nu-tec.com\/fr\/turf\/\">Voir l&rsquo;article<\/a>","protected":false},"author":3,"featured_media":479,"parent":0,"menu_order":0,"comment_status":"closed","ping_status":"closed","template":"page-main.php","meta":{"_acf_changed":false,"_monsterinsights_skip_tracking":false,"_monsterinsights_sitenote_active":false,"_monsterinsights_sitenote_note":"","_monsterinsights_sitenote_category":0,"footnotes":""},"class_list":["post-993","page","type-page","status-publish","has-post-thumbnail","hentry"],"acf":[],"_links":{"self":[{"href":"https:\/\/nu-tec.com\/fr\/wp-json\/wp\/v2\/pages\/993","targetHints":{"allow":["GET"]}}],"collection":[{"href":"https:\/\/nu-tec.com\/fr\/wp-json\/wp\/v2\/pages"}],"about":[{"href":"https:\/\/nu-tec.com\/fr\/wp-json\/wp\/v2\/types\/page"}],"author":[{"embeddable":true,"href":"https:\/\/nu-tec.com\/fr\/wp-json\/wp\/v2\/users\/3"}],"replies":[{"embeddable":true,"href":"https:\/\/nu-tec.com\/fr\/wp-json\/wp\/v2\/comments?post=993"}],"version-history":[{"count":42,"href":"https:\/\/nu-tec.com\/fr\/wp-json\/wp\/v2\/pages\/993\/revisions"}],"predecessor-version":[{"id":2336,"href":"https:\/\/nu-tec.com\/fr\/wp-json\/wp\/v2\/pages\/993\/revisions\/2336"}],"wp:featuredmedia":[{"embeddable":true,"href":"https:\/\/nu-tec.com\/fr\/wp-json\/wp\/v2\/media\/479"}],"wp:attachment":[{"href":"https:\/\/nu-tec.com\/fr\/wp-json\/wp\/v2\/media?parent=993"}],"curies":[{"name":"wp","href":"https:\/\/api.w.org\/{rel}","templated":true}]}}